{"id":1458,"date":"2025-07-23T09:20:06","date_gmt":"2025-07-23T09:20:06","guid":{"rendered":"https:\/\/cripen.dj\/?page_id=1458"},"modified":"2025-08-06T06:08:07","modified_gmt":"2025-08-06T06:08:07","slug":"service-de-limprimerie","status":"publish","type":"page","link":"https:\/\/cripen.dj\/index.php\/departement-de-ladministration-et-des-ressources-financieres\/service-de-limprimerie\/","title":{"rendered":"Service de l&rsquo;Imprimerie"},"content":{"rendered":"\t\t<div data-elementor-type=\"wp-page\" data-elementor-id=\"1458\" class=\"elementor elementor-1458\" data-elementor-post-type=\"page\">\n\t\t\t\t<div class=\"elementor-element elementor-element-285ab35 e-flex e-con-boxed e-con e-parent\" data-id=\"285ab35\" data-element_type=\"container\" data-e-type=\"container\">\n\t\t\t\t\t<div class=\"e-con-inner\">\n\t\t\t\t<div class=\"elementor-element elementor-element-518abe1 elementor-widget elementor-widget-heading\" data-id=\"518abe1\" data-element_type=\"widget\" data-e-type=\"widget\" data-widget_type=\"heading.default\">\n\t\t\t\t<div class=\"elementor-widget-container\">\n\t\t\t\t\t<h3 class=\"elementor-heading-title elementor-size-default\">Le Service de l\u2019Imprimerie et de la Reprographie<\/h3>\t\t\t\t<\/div>\n\t\t\t\t<\/div>\n\t\t\t\t<div class=\"elementor-element elementor-element-4ac9f18 elementor-widget elementor-widget-image\" data-id=\"4ac9f18\" data-element_type=\"widget\" data-e-type=\"widget\" data-widget_type=\"image.default\">\n\t\t\t\t<div class=\"elementor-widget-container\">\n\t\t\t\t\t\t\t\t\t\t\t\t\t\t\t<img fetchpriority=\"high\" decoding=\"async\" width=\"768\" height=\"512\" src=\"https:\/\/cripen.dj\/wp-content\/uploads\/2025\/07\/imprimeri-768x512.jpg\" class=\"attachment-medium_large size-medium_large wp-image-1445\" alt=\"\" srcset=\"https:\/\/cripen.dj\/wp-content\/uploads\/2025\/07\/imprimeri-768x512.jpg 768w, https:\/\/cripen.dj\/wp-content\/uploads\/2025\/07\/imprimeri-300x200.jpg 300w, https:\/\/cripen.dj\/wp-content\/uploads\/2025\/07\/imprimeri-1024x682.jpg 1024w, https:\/\/cripen.dj\/wp-content\/uploads\/2025\/07\/imprimeri-1536x1023.jpg 1536w, https:\/\/cripen.dj\/wp-content\/uploads\/2025\/07\/imprimeri.jpg 1600w\" sizes=\"(max-width: 768px) 100vw, 768px\" \/>\t\t\t\t\t\t\t\t\t\t\t\t\t\t\t<\/div>\n\t\t\t\t<\/div>\n\t\t\t\t<div class=\"elementor-element elementor-element-60da664 elementor-widget elementor-widget-text-editor\" data-id=\"60da664\" data-element_type=\"widget\" data-e-type=\"widget\" data-widget_type=\"text-editor.default\">\n\t\t\t\t<div class=\"elementor-widget-container\">\n\t\t\t\t\t\t\t\t\t<p>Sous l\u2019autorit\u00e9 du directeur responsable de l\u2019administration, des ressources financi\u00e8res, de l\u2019impression et de la reprographie, le chef de service de l\u2019imprimerie et de la reprographie est responsable de :<\/p><ul><li>la gestion de l\u2019atelier de l\u2019imprimerie<\/li><li>l\u2019approvisionnement en consommables<\/li><li>la gestion des commandes et des livraisons<\/li><li>la maintenance des \u00e9quipements<\/li><li>l\u2019\u00e9tablissement des devis d\u2019impression<\/li><\/ul><p>A l\u2019origine, l\u2019imprimerie du CRIPEN a vu le jour gr\u00e2ce \u00e0 un appui financier du Royaume d\u2019Arabie Saoudite et de l\u2019UNESCO, en 1983 puis rattach\u00e9e au CRIPEN en 1990.<\/p><p>En 2002, l\u2019imprimerie a \u00e9t\u00e9 r\u00e9\u00e9quip\u00e9e par la Banque Mondiale.<\/p><p>Install\u00e9e dans un premier temps \u00e0 l\u2019inspection primaire (1983-2002), elle a rejoint les locaux actuels du CRIPEN en 2007.<\/p><p>Les \u00e9quipements de l\u2019imprimerie du CRIPEN sont les suivants :<\/p><ul><li>1 Offset MO (une couleur)<\/li><li>1 Massicot 92 cm<\/li><li>2 agrafeuses<\/li><li>1 plieuse<\/li><li>1 enliasseuse<\/li><li>1 insoleuse<\/li><li>1 table de montage<\/li><li>2 duplicopieurs<\/li><li>1 photocopieuse<\/li><li>1 laboratoire pour le lavage des plaques<\/li><li>1 stock pour les consommables<\/li><\/ul><p>Actuellement l\u2019imprimerie se charge de l\u2019impression des documents p\u00e9dagogiques et didactiques en noir et blanc, des bulletins scolaires, des feuilles d\u2019examen du MENFOP et de l\u2019Universit\u00e9, etc.<\/p>\t\t\t\t\t\t\t\t<\/div>\n\t\t\t\t<\/div>\n\t\t\t\t\t<\/div>\n\t\t\t\t<\/div>\n\t\t\t\t<\/div>\n\t\t","protected":false},"excerpt":{"rendered":"<p>Le Service de l\u2019Imprimerie et de la Reprographie Sous l\u2019autorit\u00e9 du directeur responsable de l\u2019administration, des ressources financi\u00e8res, de l\u2019impression et de la reprographie, le chef de service de l\u2019imprimerie et de la reprographie est responsable de : la gestion de l\u2019atelier de l\u2019imprimerie l\u2019approvisionnement en consommables la gestion des commandes et des livraisons la [&hellip;]<\/p>\n","protected":false},"author":3,"featured_media":0,"parent":152,"menu_order":0,"comment_status":"closed","ping_status":"closed","template":"","meta":{"saved_in_kubio":false,"footnotes":""},"class_list":["post-1458","page","type-page","status-publish","hentry"],"kubio_ai_page_context":{"short_desc":"","purpose":"general"},"_links":{"self":[{"href":"https:\/\/cripen.dj\/index.php\/wp-json\/wp\/v2\/pages\/1458","targetHints":{"allow":["GET"]}}],"collection":[{"href":"https:\/\/cripen.dj\/index.php\/wp-json\/wp\/v2\/pages"}],"about":[{"href":"https:\/\/cripen.dj\/index.php\/wp-json\/wp\/v2\/types\/page"}],"author":[{"embeddable":true,"href":"https:\/\/cripen.dj\/index.php\/wp-json\/wp\/v2\/users\/3"}],"replies":[{"embeddable":true,"href":"https:\/\/cripen.dj\/index.php\/wp-json\/wp\/v2\/comments?post=1458"}],"version-history":[{"count":3,"href":"https:\/\/cripen.dj\/index.php\/wp-json\/wp\/v2\/pages\/1458\/revisions"}],"predecessor-version":[{"id":1461,"href":"https:\/\/cripen.dj\/index.php\/wp-json\/wp\/v2\/pages\/1458\/revisions\/1461"}],"up":[{"embeddable":true,"href":"https:\/\/cripen.dj\/index.php\/wp-json\/wp\/v2\/pages\/152"}],"wp:attachment":[{"href":"https:\/\/cripen.dj\/index.php\/wp-json\/wp\/v2\/media?parent=1458"}],"curies":[{"name":"wp","href":"https:\/\/api.w.org\/{rel}","templated":true}]}}