{"id":152,"date":"2025-05-07T07:43:59","date_gmt":"2025-05-07T07:43:59","guid":{"rendered":"https:\/\/cripen.dj\/?page_id=152"},"modified":"2025-10-20T07:59:07","modified_gmt":"2025-10-20T07:59:07","slug":"departement-de-ladministration-et-des-ressources-financieres","status":"publish","type":"page","link":"https:\/\/cripen.dj\/index.php\/departement-de-ladministration-et-des-ressources-financieres\/","title":{"rendered":"D\u00e9partement de l\u2019Administration et des Ressources Financi\u00e8res"},"content":{"rendered":"\t\t<div data-elementor-type=\"wp-page\" data-elementor-id=\"152\" class=\"elementor elementor-152\" data-elementor-post-type=\"page\">\n\t\t\t\t<div class=\"elementor-element elementor-element-a740abf e-flex e-con-boxed e-con e-parent\" data-id=\"a740abf\" data-element_type=\"container\" data-e-type=\"container\">\n\t\t\t\t\t<div class=\"e-con-inner\">\n\t\t<div class=\"elementor-element elementor-element-20c78f4 e-con-full e-flex e-con e-child\" data-id=\"20c78f4\" data-element_type=\"container\" data-e-type=\"container\">\n\t\t\t\t<div class=\"elementor-element elementor-element-30b4c84 elementor-widget elementor-widget-image\" data-id=\"30b4c84\" data-element_type=\"widget\" data-e-type=\"widget\" data-widget_type=\"image.default\">\n\t\t\t\t<div class=\"elementor-widget-container\">\n\t\t\t\t\t\t\t\t\t\t\t\t<figure class=\"wp-caption\">\n\t\t\t\t\t\t\t\t\t\t<img fetchpriority=\"high\" decoding=\"async\" width=\"1024\" height=\"682\" src=\"https:\/\/cripen.dj\/wp-content\/uploads\/2025\/07\/abdillahi-1024x682.jpg\" class=\"attachment-large size-large wp-image-1069\" alt=\"\" srcset=\"https:\/\/cripen.dj\/wp-content\/uploads\/2025\/07\/abdillahi-1024x682.jpg 1024w, https:\/\/cripen.dj\/wp-content\/uploads\/2025\/07\/abdillahi-300x200.jpg 300w, https:\/\/cripen.dj\/wp-content\/uploads\/2025\/07\/abdillahi-768x512.jpg 768w, https:\/\/cripen.dj\/wp-content\/uploads\/2025\/07\/abdillahi-1536x1023.jpg 1536w, https:\/\/cripen.dj\/wp-content\/uploads\/2025\/07\/abdillahi.jpg 1600w\" sizes=\"(max-width: 1024px) 100vw, 1024px\" \/>\t\t\t\t\t\t\t\t\t\t\t<figcaption class=\"widget-image-caption wp-caption-text\">M. Abdillahi BARREH BOCK<\/figcaption>\n\t\t\t\t\t\t\t\t\t\t<\/figure>\n\t\t\t\t\t\t\t\t\t<\/div>\n\t\t\t\t<\/div>\n\t\t\t\t<\/div>\n\t\t<div class=\"elementor-element elementor-element-13762b2 e-con-full e-flex e-con e-child\" data-id=\"13762b2\" data-element_type=\"container\" data-e-type=\"container\">\n\t\t\t\t<div class=\"elementor-element elementor-element-e8936b5 elementor-widget elementor-widget-heading\" data-id=\"e8936b5\" data-element_type=\"widget\" data-e-type=\"widget\" data-widget_type=\"heading.default\">\n\t\t\t\t<div class=\"elementor-widget-container\">\n\t\t\t\t\t<h4 class=\"elementor-heading-title elementor-size-default\">Direction de l'Administration et des Ressources Financi\u00e8res <\/h4>\t\t\t\t<\/div>\n\t\t\t\t<\/div>\n\t\t\t\t<div class=\"elementor-element elementor-element-7fbcca9 elementor-widget elementor-widget-text-editor\" data-id=\"7fbcca9\" data-element_type=\"widget\" data-e-type=\"widget\" data-widget_type=\"text-editor.default\">\n\t\t\t\t<div class=\"elementor-widget-container\">\n\t\t\t\t\t\t\t\t\t<p>Sous l\u2019autorit\u00e9 de la Directrice G\u00e9n\u00e9rale du CRIPEN, le directeur responsable de l\u2019administration, des ressources financi\u00e8res, de l\u2019impression et de la reprographie est comp\u00e9tent en mati\u00e8re de :<\/p>\n<ul>\n<li>recrutement des personnels vacataires ;<\/li>\n<li>suivi de la gestion du personnel ;<\/li>\n<li>passation de march\u00e9 ;<\/li>\n<li>r\u00e9daction et d\u2019\u00e9valuation des appels d\u2019offre d\u2019impression, de passation de commandes, de suivi de la mise en oeuvre et d\u2019\u00e9valuation de qualit\u00e9 des produits finaux.<\/li>\n<\/ul>\n<p>La direction de l\u2019administration, des ressources financi\u00e8res et de l\u2019impression et de la reprographie est compos\u00e9e des deux services suivants :<\/p>\n<ul>\n<li>ressources humaines et financi\u00e8res ;<\/li>\n<li>l\u2019impression et la reprographie.<\/li>\n<\/ul>\t\t\t\t\t\t\t\t<\/div>\n\t\t\t\t<\/div>\n\t\t\t\t<\/div>\n\t\t\t\t\t<\/div>\n\t\t\t\t<\/div>\n\t\t<div class=\"elementor-element elementor-element-655fe93 e-flex e-con-boxed e-con e-parent\" data-id=\"655fe93\" data-element_type=\"container\" data-e-type=\"container\">\n\t\t\t\t\t<div class=\"e-con-inner\">\n\t\t\t\t<div class=\"elementor-element elementor-element-ac5515a elementor-widget elementor-widget-image\" data-id=\"ac5515a\" data-element_type=\"widget\" data-e-type=\"widget\" data-widget_type=\"image.default\">\n\t\t\t\t<div class=\"elementor-widget-container\">\n\t\t\t\t\t\t\t\t\t\t\t\t<figure class=\"wp-caption\">\n\t\t\t\t\t\t\t\t\t\t<img decoding=\"async\" width=\"1024\" height=\"444\" src=\"https:\/\/cripen.dj\/wp-content\/uploads\/2025\/08\/darf-1024x444.jpg\" class=\"attachment-large size-large wp-image-1506\" alt=\"\" srcset=\"https:\/\/cripen.dj\/wp-content\/uploads\/2025\/08\/darf-1024x444.jpg 1024w, https:\/\/cripen.dj\/wp-content\/uploads\/2025\/08\/darf-300x130.jpg 300w, https:\/\/cripen.dj\/wp-content\/uploads\/2025\/08\/darf-768x333.jpg 768w, https:\/\/cripen.dj\/wp-content\/uploads\/2025\/08\/darf.jpg 1080w\" sizes=\"(max-width: 1024px) 100vw, 1024px\" \/>\t\t\t\t\t\t\t\t\t\t\t<figcaption class=\"widget-image-caption wp-caption-text\">D\u00e9partement de l'Administration et Ressources Financi\u00e8res <\/figcaption>\n\t\t\t\t\t\t\t\t\t\t<\/figure>\n\t\t\t\t\t\t\t\t\t<\/div>\n\t\t\t\t<\/div>\n\t\t\t\t\t<\/div>\n\t\t\t\t<\/div>\n\t\t<div class=\"elementor-element elementor-element-3b13d7a e-flex e-con-boxed e-con e-parent\" data-id=\"3b13d7a\" data-element_type=\"container\" data-e-type=\"container\">\n\t\t\t\t\t<div class=\"e-con-inner\">\n\t\t<div class=\"elementor-element elementor-element-11f6876 e-con-full e-flex e-con e-child\" data-id=\"11f6876\" data-element_type=\"container\" data-e-type=\"container\">\n\t\t\t\t<div class=\"elementor-element elementor-element-b9ddefa elementor-position-left elementor-vertical-align-top elementor-widget elementor-widget-image-box\" data-id=\"b9ddefa\" data-element_type=\"widget\" data-e-type=\"widget\" data-widget_type=\"image-box.default\">\n\t\t\t\t<div class=\"elementor-widget-container\">\n\t\t\t\t\t<div class=\"elementor-image-box-wrapper\"><figure class=\"elementor-image-box-img\"><a href=\"https:\/\/cripen.dj\/index.php\/le-service-des-ressources-humaines-et-financieres\/\" target=\"_blank\" tabindex=\"-1\"><img decoding=\"async\" width=\"1600\" height=\"1066\" src=\"https:\/\/cripen.dj\/wp-content\/uploads\/2025\/07\/leyla.jpg\" class=\"elementor-animation-pulse attachment-full size-full wp-image-1447\" alt=\"\" srcset=\"https:\/\/cripen.dj\/wp-content\/uploads\/2025\/07\/leyla.jpg 1600w, https:\/\/cripen.dj\/wp-content\/uploads\/2025\/07\/leyla-300x200.jpg 300w, https:\/\/cripen.dj\/wp-content\/uploads\/2025\/07\/leyla-1024x682.jpg 1024w, https:\/\/cripen.dj\/wp-content\/uploads\/2025\/07\/leyla-768x512.jpg 768w, https:\/\/cripen.dj\/wp-content\/uploads\/2025\/07\/leyla-1536x1023.jpg 1536w\" sizes=\"(max-width: 1600px) 100vw, 1600px\" \/><\/a><\/figure><div class=\"elementor-image-box-content\"><h4 class=\"elementor-image-box-title\"><a href=\"https:\/\/cripen.dj\/index.php\/le-service-des-ressources-humaines-et-financieres\/\" target=\"_blank\">Mme Leila <\/a><\/h4><p class=\"elementor-image-box-description\">Service de Ressource Humain<\/p><\/div><\/div>\t\t\t\t<\/div>\n\t\t\t\t<\/div>\n\t\t\t\t<\/div>\n\t\t<div class=\"elementor-element elementor-element-7f8154a e-con-full e-flex e-con e-child\" data-id=\"7f8154a\" data-element_type=\"container\" data-e-type=\"container\">\n\t\t\t\t<div class=\"elementor-element elementor-element-596eda7 elementor-position-left elementor-vertical-align-top elementor-widget elementor-widget-image-box\" data-id=\"596eda7\" data-element_type=\"widget\" data-e-type=\"widget\" data-widget_type=\"image-box.default\">\n\t\t\t\t<div class=\"elementor-widget-container\">\n\t\t\t\t\t<div class=\"elementor-image-box-wrapper\"><figure class=\"elementor-image-box-img\"><a href=\"https:\/\/cripen.dj\/index.php\/service-de-limprimerie\/\" target=\"_blank\" tabindex=\"-1\"><img loading=\"lazy\" decoding=\"async\" width=\"1600\" height=\"1066\" src=\"https:\/\/cripen.dj\/wp-content\/uploads\/2025\/07\/igueh.jpg\" class=\"elementor-animation-pulse attachment-full size-full wp-image-1444\" alt=\"\" srcset=\"https:\/\/cripen.dj\/wp-content\/uploads\/2025\/07\/igueh.jpg 1600w, https:\/\/cripen.dj\/wp-content\/uploads\/2025\/07\/igueh-300x200.jpg 300w, https:\/\/cripen.dj\/wp-content\/uploads\/2025\/07\/igueh-1024x682.jpg 1024w, https:\/\/cripen.dj\/wp-content\/uploads\/2025\/07\/igueh-768x512.jpg 768w, https:\/\/cripen.dj\/wp-content\/uploads\/2025\/07\/igueh-1536x1023.jpg 1536w\" sizes=\"(max-width: 1600px) 100vw, 1600px\" \/><\/a><\/figure><div class=\"elementor-image-box-content\"><h4 class=\"elementor-image-box-title\"><a href=\"https:\/\/cripen.dj\/index.php\/service-de-limprimerie\/\" target=\"_blank\">M. Egueh<\/a><\/h4><p class=\"elementor-image-box-description\">Service de l'Imprimerie<\/p><\/div><\/div>\t\t\t\t<\/div>\n\t\t\t\t<\/div>\n\t\t\t\t<\/div>\n\t\t\t\t\t<\/div>\n\t\t\t\t<\/div>\n\t\t\t\t<\/div>\n\t\t","protected":false},"excerpt":{"rendered":"<p>M. Abdillahi BARREH BOCK Direction de l&rsquo;Administration et des Ressources Financi\u00e8res Sous l\u2019autorit\u00e9 de la Directrice G\u00e9n\u00e9rale du CRIPEN, le directeur responsable de l\u2019administration, des ressources financi\u00e8res, de l\u2019impression et de la reprographie est comp\u00e9tent en mati\u00e8re de : recrutement des personnels vacataires ; suivi de la gestion du personnel ; passation de march\u00e9 ; [&hellip;]<\/p>\n","protected":false},"author":3,"featured_media":0,"parent":0,"menu_order":0,"comment_status":"closed","ping_status":"closed","template":"","meta":{"saved_in_kubio":false,"footnotes":""},"class_list":["post-152","page","type-page","status-publish","hentry"],"kubio_ai_page_context":{"short_desc":"","purpose":"general"},"_links":{"self":[{"href":"https:\/\/cripen.dj\/index.php\/wp-json\/wp\/v2\/pages\/152","targetHints":{"allow":["GET"]}}],"collection":[{"href":"https:\/\/cripen.dj\/index.php\/wp-json\/wp\/v2\/pages"}],"about":[{"href":"https:\/\/cripen.dj\/index.php\/wp-json\/wp\/v2\/types\/page"}],"author":[{"embeddable":true,"href":"https:\/\/cripen.dj\/index.php\/wp-json\/wp\/v2\/users\/3"}],"replies":[{"embeddable":true,"href":"https:\/\/cripen.dj\/index.php\/wp-json\/wp\/v2\/comments?post=152"}],"version-history":[{"count":79,"href":"https:\/\/cripen.dj\/index.php\/wp-json\/wp\/v2\/pages\/152\/revisions"}],"predecessor-version":[{"id":1836,"href":"https:\/\/cripen.dj\/index.php\/wp-json\/wp\/v2\/pages\/152\/revisions\/1836"}],"wp:attachment":[{"href":"https:\/\/cripen.dj\/index.php\/wp-json\/wp\/v2\/media?parent=152"}],"curies":[{"name":"wp","href":"https:\/\/api.w.org\/{rel}","templated":true}]}}