{"id":1526,"date":"2025-08-03T09:02:26","date_gmt":"2025-08-03T09:02:26","guid":{"rendered":"https:\/\/cripen.dj\/?page_id=1526"},"modified":"2026-03-05T09:44:09","modified_gmt":"2026-03-05T09:44:09","slug":"service-rpde","status":"publish","type":"page","link":"https:\/\/cripen.dj\/index.php\/departement-de-la-recherche-pedagogique-et-de-ledition-drpe\/service-rpde\/","title":{"rendered":"Service RPDE"},"content":{"rendered":"\t\t<div data-elementor-type=\"wp-page\" data-elementor-id=\"1526\" class=\"elementor elementor-1526\" data-elementor-post-type=\"page\">\n\t\t\t\t<div class=\"elementor-element elementor-element-3ad8e90 e-flex e-con-boxed e-con e-parent\" data-id=\"3ad8e90\" data-element_type=\"container\" data-e-type=\"container\">\n\t\t\t\t\t<div class=\"e-con-inner\">\n\t\t\t\t<div class=\"elementor-element elementor-element-7470fc6 elementor-widget elementor-widget-image\" data-id=\"7470fc6\" data-element_type=\"widget\" data-e-type=\"widget\" data-widget_type=\"image.default\">\n\t\t\t\t<div class=\"elementor-widget-container\">\n\t\t\t\t\t\t\t\t\t\t\t\t\t\t\t<img fetchpriority=\"high\" decoding=\"async\" width=\"1024\" height=\"682\" src=\"https:\/\/cripen.dj\/wp-content\/uploads\/2025\/07\/drp-1024x682.jpg\" class=\"attachment-large size-large wp-image-1440\" alt=\"\" srcset=\"https:\/\/cripen.dj\/wp-content\/uploads\/2025\/07\/drp-1024x682.jpg 1024w, https:\/\/cripen.dj\/wp-content\/uploads\/2025\/07\/drp-300x200.jpg 300w, https:\/\/cripen.dj\/wp-content\/uploads\/2025\/07\/drp-768x512.jpg 768w, https:\/\/cripen.dj\/wp-content\/uploads\/2025\/07\/drp-1536x1023.jpg 1536w, https:\/\/cripen.dj\/wp-content\/uploads\/2025\/07\/drp.jpg 1600w\" sizes=\"(max-width: 1024px) 100vw, 1024px\" \/>\t\t\t\t\t\t\t\t\t\t\t\t\t\t\t<\/div>\n\t\t\t\t<\/div>\n\t\t\t\t\t<\/div>\n\t\t\t\t<\/div>\n\t\t<div class=\"elementor-element elementor-element-0903bf6 e-flex e-con-boxed e-con e-parent\" data-id=\"0903bf6\" data-element_type=\"container\" data-e-type=\"container\">\n\t\t\t\t\t<div class=\"e-con-inner\">\n\t\t\t\t<div class=\"elementor-element elementor-element-6ac920c elementor-widget elementor-widget-heading\" data-id=\"6ac920c\" data-element_type=\"widget\" data-e-type=\"widget\" data-widget_type=\"heading.default\">\n\t\t\t\t<div class=\"elementor-widget-container\">\n\t\t\t\t\t<h4 class=\"elementor-heading-title elementor-size-default\">Le service de la Recherche p\u00e9dagogique, de la Diffusion, de l\u2019\u00c9valuation et du Num\u00e9rique<\/h4>\t\t\t\t<\/div>\n\t\t\t\t<\/div>\n\t\t\t\t\t<\/div>\n\t\t\t\t<\/div>\n\t\t<div class=\"elementor-element elementor-element-ef14422 e-flex e-con-boxed e-con e-parent\" data-id=\"ef14422\" data-element_type=\"container\" data-e-type=\"container\">\n\t\t\t\t\t<div class=\"e-con-inner\">\n\t\t\t\t<div class=\"elementor-element elementor-element-cdb6739 elementor-widget elementor-widget-text-editor\" data-id=\"cdb6739\" data-element_type=\"widget\" data-e-type=\"widget\" data-widget_type=\"text-editor.default\">\n\t\t\t\t<div class=\"elementor-widget-container\">\n\t\t\t\t\t\t\t\t\t<p>Le service de la Recherche p\u00e9dagogique, de la Diffusion, de l\u2019\u00c9valuation et du Num\u00e9rique est compos\u00e9 de trois grands p\u00f4les :<\/p><ul><li><strong>La diffusion<\/strong><\/li><li><strong>Le d\u00e9veloppement num\u00e9rique<\/strong><\/li><li><strong>Le conception de contenu num\u00e9rique(REL)\u00a0<\/strong><\/li><li><strong>Les commissions disciplinaires<\/strong><\/li><\/ul>\t\t\t\t\t\t\t\t<\/div>\n\t\t\t\t<\/div>\n\t\t\t\t\t<\/div>\n\t\t\t\t<\/div>\n\t\t<div class=\"elementor-element elementor-element-5df1598 e-flex e-con-boxed e-con e-parent\" data-id=\"5df1598\" data-element_type=\"container\" data-e-type=\"container\">\n\t\t\t\t\t<div class=\"e-con-inner\">\n\t\t<div class=\"elementor-element elementor-element-9ff8018 e-con-full e-flex e-con e-child\" data-id=\"9ff8018\" data-element_type=\"container\" data-e-type=\"container\">\n\t\t\t\t<div class=\"elementor-element elementor-element-49525a8 elementor-arrows-position-inside elementor-pagination-position-outside elementor-widget elementor-widget-image-carousel\" data-id=\"49525a8\" data-element_type=\"widget\" data-e-type=\"widget\" data-settings=\"{&quot;slides_to_show&quot;:&quot;1&quot;,&quot;navigation&quot;:&quot;both&quot;,&quot;autoplay&quot;:&quot;yes&quot;,&quot;pause_on_hover&quot;:&quot;yes&quot;,&quot;pause_on_interaction&quot;:&quot;yes&quot;,&quot;autoplay_speed&quot;:5000,&quot;infinite&quot;:&quot;yes&quot;,&quot;effect&quot;:&quot;slide&quot;,&quot;speed&quot;:500}\" data-widget_type=\"image-carousel.default\">\n\t\t\t\t<div class=\"elementor-widget-container\">\n\t\t\t\t\t\t\t<div class=\"elementor-image-carousel-wrapper swiper\" role=\"region\" aria-roledescription=\"carousel\" aria-label=\"Carrousel d\u2019images\" dir=\"ltr\">\n\t\t\t<div class=\"elementor-image-carousel swiper-wrapper\" aria-live=\"off\">\n\t\t\t\t\t\t\t\t<div class=\"swiper-slide\" role=\"group\" aria-roledescription=\"slide\" aria-label=\"1 sur 2\"><figure class=\"swiper-slide-inner\"><img decoding=\"async\" class=\"swiper-slide-image\" src=\"https:\/\/cripen.dj\/wp-content\/uploads\/2026\/02\/diffusion2.jpeg\" alt=\"diffusion2\" \/><\/figure><\/div><div class=\"swiper-slide\" role=\"group\" aria-roledescription=\"slide\" aria-label=\"2 sur 2\"><figure class=\"swiper-slide-inner\"><img decoding=\"async\" class=\"swiper-slide-image\" src=\"https:\/\/cripen.dj\/wp-content\/uploads\/2026\/02\/diffusion1.jpeg\" alt=\"diffusion1\" \/><\/figure><\/div>\t\t\t<\/div>\n\t\t\t\t\t\t\t\t\t\t\t\t<div class=\"elementor-swiper-button elementor-swiper-button-prev\" role=\"button\" tabindex=\"0\">\n\t\t\t\t\t\t<svg aria-hidden=\"true\" class=\"e-font-icon-svg e-eicon-chevron-left\" viewBox=\"0 0 1000 1000\" xmlns=\"http:\/\/www.w3.org\/2000\/svg\"><path d=\"M646 125C629 125 613 133 604 142L308 442C296 454 292 471 292 487 292 504 296 521 308 533L604 854C617 867 629 875 646 875 663 875 679 871 692 858 704 846 713 829 713 812 713 796 708 779 692 767L438 487 692 225C700 217 708 204 708 187 708 171 704 154 692 142 675 129 663 125 646 125Z\"><\/path><\/svg>\t\t\t\t\t<\/div>\n\t\t\t\t\t<div class=\"elementor-swiper-button elementor-swiper-button-next\" role=\"button\" tabindex=\"0\">\n\t\t\t\t\t\t<svg aria-hidden=\"true\" class=\"e-font-icon-svg e-eicon-chevron-right\" viewBox=\"0 0 1000 1000\" xmlns=\"http:\/\/www.w3.org\/2000\/svg\"><path d=\"M696 533C708 521 713 504 713 487 713 471 708 454 696 446L400 146C388 133 375 125 354 125 338 125 325 129 313 142 300 154 292 171 292 187 292 204 296 221 308 233L563 492 304 771C292 783 288 800 288 817 288 833 296 850 308 863 321 871 338 875 354 875 371 875 388 867 400 854L696 533Z\"><\/path><\/svg>\t\t\t\t\t<\/div>\n\t\t\t\t\n\t\t\t\t\t\t\t\t\t<div class=\"swiper-pagination\"><\/div>\n\t\t\t\t\t\t\t\t\t<\/div>\n\t\t\t\t\t\t<\/div>\n\t\t\t\t<\/div>\n\t\t\t\t<\/div>\n\t\t<div class=\"elementor-element elementor-element-da05a2d e-con-full e-flex e-con e-child\" data-id=\"da05a2d\" data-element_type=\"container\" data-e-type=\"container\">\n\t\t\t\t<div class=\"elementor-element elementor-element-8e2ebc4 elementor-widget elementor-widget-heading\" data-id=\"8e2ebc4\" data-element_type=\"widget\" data-e-type=\"widget\" data-widget_type=\"heading.default\">\n\t\t\t\t<div class=\"elementor-widget-container\">\n\t\t\t\t\t<h4 class=\"elementor-heading-title elementor-size-default\">1.  La diffusion<\/h4>\t\t\t\t<\/div>\n\t\t\t\t<\/div>\n\t\t\t\t<div class=\"elementor-element elementor-element-6c879ed elementor-widget elementor-widget-text-editor\" data-id=\"6c879ed\" data-element_type=\"widget\" data-e-type=\"widget\" data-widget_type=\"text-editor.default\">\n\t\t\t\t<div class=\"elementor-widget-container\">\n\t\t\t\t\t\t\t\t\t<p>Le personnel de la diffusion assure une mission r\u00e9guli\u00e8re de distribution des supports didactiques et p\u00e9dagogiques sur l\u2019ensemble du territoire national.<\/p><p>Il est \u00e9galement charg\u00e9 de l\u2019inventaire, du suivi et de la gestion des stocks de ces ressources p\u00e9dagogiques afin de garantir leur disponibilit\u00e9 dans les \u00e9tablissements scolaires.<\/p>\t\t\t\t\t\t\t\t<\/div>\n\t\t\t\t<\/div>\n\t\t\t\t<\/div>\n\t\t<div class=\"elementor-element elementor-element-b42eea9 e-con-full e-flex e-con e-child\" data-id=\"b42eea9\" data-element_type=\"container\" data-e-type=\"container\">\n\t\t\t\t<div class=\"elementor-element elementor-element-0087f8a elementor-widget elementor-widget-heading\" data-id=\"0087f8a\" data-element_type=\"widget\" data-e-type=\"widget\" data-widget_type=\"heading.default\">\n\t\t\t\t<div class=\"elementor-widget-container\">\n\t\t\t\t\t<h4 class=\"elementor-heading-title elementor-size-default\">2. Le d\u00e9veloppement num\u00e9rique<\/h4>\t\t\t\t<\/div>\n\t\t\t\t<\/div>\n\t\t\t\t<div class=\"elementor-element elementor-element-4c4c918 elementor-widget elementor-widget-text-editor\" data-id=\"4c4c918\" data-element_type=\"widget\" data-e-type=\"widget\" data-widget_type=\"text-editor.default\">\n\t\t\t\t<div class=\"elementor-widget-container\">\n\t\t\t\t\t\t\t\t\t<p>L\u2019\u00e9quipe des d\u00e9veloppeurs assure le d\u00e9veloppement des applications \u00e9ducatives et la gestion des diff\u00e9rentes plateformes d\u2019apprentissage.<\/p><p>Les d\u00e9veloppeurs accompagnent \u00e9galement les \u00e9quipes de concepteurs p\u00e9dagogiques dans la num\u00e9risation des manuels scolaires et dans la production de contenus num\u00e9riques vari\u00e9s.<\/p><p>Ils interviennent aussi dans la conception d\u2019applications de gestion (ressources humaines, bases de donn\u00e9es de photos, etc.) \u00e0 la demande des diff\u00e9rents services du CRIPEN.<\/p>\t\t\t\t\t\t\t\t<\/div>\n\t\t\t\t<\/div>\n\t\t\t\t<\/div>\n\t\t<div class=\"elementor-element elementor-element-5867881 e-con-full e-flex e-con e-child\" data-id=\"5867881\" data-element_type=\"container\" data-e-type=\"container\">\n\t\t\t\t<div class=\"elementor-element elementor-element-1729bde elementor-widget elementor-widget-image\" data-id=\"1729bde\" data-element_type=\"widget\" data-e-type=\"widget\" data-widget_type=\"image.default\">\n\t\t\t\t<div class=\"elementor-widget-container\">\n\t\t\t\t\t\t\t\t\t\t\t\t\t\t\t<img decoding=\"async\" width=\"1024\" height=\"684\" src=\"https:\/\/cripen.dj\/wp-content\/uploads\/2026\/02\/dev-1024x684.jpeg\" class=\"attachment-large size-large wp-image-2284\" alt=\"\" srcset=\"https:\/\/cripen.dj\/wp-content\/uploads\/2026\/02\/dev-1024x684.jpeg 1024w, https:\/\/cripen.dj\/wp-content\/uploads\/2026\/02\/dev-300x200.jpeg 300w, https:\/\/cripen.dj\/wp-content\/uploads\/2026\/02\/dev-768x513.jpeg 768w, https:\/\/cripen.dj\/wp-content\/uploads\/2026\/02\/dev-1536x1025.jpeg 1536w, https:\/\/cripen.dj\/wp-content\/uploads\/2026\/02\/dev.jpeg 1600w\" sizes=\"(max-width: 1024px) 100vw, 1024px\" \/>\t\t\t\t\t\t\t\t\t\t\t\t\t\t\t<\/div>\n\t\t\t\t<\/div>\n\t\t\t\t<\/div>\n\t\t<div class=\"elementor-element elementor-element-663e991 e-con-full e-flex e-con e-child\" data-id=\"663e991\" data-element_type=\"container\" data-e-type=\"container\">\n\t\t<div class=\"elementor-element elementor-element-8d07650 e-con-full e-flex e-con e-child\" data-id=\"8d07650\" data-element_type=\"container\" data-e-type=\"container\">\n\t\t\t\t<div class=\"elementor-element elementor-element-bb4d73b elementor-arrows-position-inside elementor-pagination-position-outside elementor-widget elementor-widget-image-carousel\" data-id=\"bb4d73b\" data-element_type=\"widget\" data-e-type=\"widget\" data-settings=\"{&quot;slides_to_show&quot;:&quot;1&quot;,&quot;navigation&quot;:&quot;both&quot;,&quot;autoplay&quot;:&quot;yes&quot;,&quot;pause_on_hover&quot;:&quot;yes&quot;,&quot;pause_on_interaction&quot;:&quot;yes&quot;,&quot;autoplay_speed&quot;:5000,&quot;infinite&quot;:&quot;yes&quot;,&quot;effect&quot;:&quot;slide&quot;,&quot;speed&quot;:500}\" data-widget_type=\"image-carousel.default\">\n\t\t\t\t<div class=\"elementor-widget-container\">\n\t\t\t\t\t\t\t<div class=\"elementor-image-carousel-wrapper swiper\" role=\"region\" aria-roledescription=\"carousel\" aria-label=\"Carrousel d\u2019images\" dir=\"ltr\">\n\t\t\t<div class=\"elementor-image-carousel swiper-wrapper\" aria-live=\"off\">\n\t\t\t\t\t\t\t\t<div class=\"swiper-slide\" role=\"group\" aria-roledescription=\"slide\" aria-label=\"1 sur 2\"><figure class=\"swiper-slide-inner\"><img decoding=\"async\" class=\"swiper-slide-image\" src=\"https:\/\/cripen.dj\/wp-content\/uploads\/2026\/03\/rel2.jpeg\" alt=\"rel2\" \/><\/figure><\/div><div class=\"swiper-slide\" role=\"group\" aria-roledescription=\"slide\" aria-label=\"2 sur 2\"><figure class=\"swiper-slide-inner\"><img decoding=\"async\" class=\"swiper-slide-image\" src=\"https:\/\/cripen.dj\/wp-content\/uploads\/2026\/02\/rel.jpeg\" alt=\"rel\" \/><\/figure><\/div>\t\t\t<\/div>\n\t\t\t\t\t\t\t\t\t\t\t\t<div class=\"elementor-swiper-button elementor-swiper-button-prev\" role=\"button\" tabindex=\"0\">\n\t\t\t\t\t\t<svg aria-hidden=\"true\" class=\"e-font-icon-svg e-eicon-chevron-left\" viewBox=\"0 0 1000 1000\" xmlns=\"http:\/\/www.w3.org\/2000\/svg\"><path d=\"M646 125C629 125 613 133 604 142L308 442C296 454 292 471 292 487 292 504 296 521 308 533L604 854C617 867 629 875 646 875 663 875 679 871 692 858 704 846 713 829 713 812 713 796 708 779 692 767L438 487 692 225C700 217 708 204 708 187 708 171 704 154 692 142 675 129 663 125 646 125Z\"><\/path><\/svg>\t\t\t\t\t<\/div>\n\t\t\t\t\t<div class=\"elementor-swiper-button elementor-swiper-button-next\" role=\"button\" tabindex=\"0\">\n\t\t\t\t\t\t<svg aria-hidden=\"true\" class=\"e-font-icon-svg e-eicon-chevron-right\" viewBox=\"0 0 1000 1000\" xmlns=\"http:\/\/www.w3.org\/2000\/svg\"><path d=\"M696 533C708 521 713 504 713 487 713 471 708 454 696 446L400 146C388 133 375 125 354 125 338 125 325 129 313 142 300 154 292 171 292 187 292 204 296 221 308 233L563 492 304 771C292 783 288 800 288 817 288 833 296 850 308 863 321 871 338 875 354 875 371 875 388 867 400 854L696 533Z\"><\/path><\/svg>\t\t\t\t\t<\/div>\n\t\t\t\t\n\t\t\t\t\t\t\t\t\t<div class=\"swiper-pagination\"><\/div>\n\t\t\t\t\t\t\t\t\t<\/div>\n\t\t\t\t\t\t<\/div>\n\t\t\t\t<\/div>\n\t\t\t\t<\/div>\n\t\t\t\t<\/div>\n\t\t<div class=\"elementor-element elementor-element-293b6b6 e-con-full e-flex e-con e-child\" data-id=\"293b6b6\" data-element_type=\"container\" data-e-type=\"container\">\n\t\t\t\t<div class=\"elementor-element elementor-element-976ed45 elementor-widget elementor-widget-heading\" data-id=\"976ed45\" data-element_type=\"widget\" data-e-type=\"widget\" data-widget_type=\"heading.default\">\n\t\t\t\t<div class=\"elementor-widget-container\">\n\t\t\t\t\t<h4 class=\"elementor-heading-title elementor-size-default\">3. Les REL (Ressources \u00c9ducatives Libres)<\/h4>\t\t\t\t<\/div>\n\t\t\t\t<\/div>\n\t\t\t\t<div class=\"elementor-element elementor-element-36607a8 elementor-widget elementor-widget-text-editor\" data-id=\"36607a8\" data-element_type=\"widget\" data-e-type=\"widget\" data-widget_type=\"text-editor.default\">\n\t\t\t\t<div class=\"elementor-widget-container\">\n\t\t\t\t\t\t\t\t\t<p>La commission des REL est compos\u00e9e d\u2019un personnel sp\u00e9cialis\u00e9 \u00e0 la fois en p\u00e9dagogie et en technologie.<\/p><p>Ces sp\u00e9cialistes sont appel\u00e9s technop\u00e9dagogues.<\/p><p>Ils utilisent des logiciels sp\u00e9cifiques pour la cr\u00e9ation de sc\u00e9narios p\u00e9dagogiques et la conception de contenus num\u00e9riques interactifs.<\/p><p>Parmi ces contenus, on peut citer :<\/p><ul><li>des capsules vid\u00e9o p\u00e9dagogiques<\/li><li>des activit\u00e9s interactives H5P<\/li><li>des quiz et exercices interactifs<\/li><\/ul><p>Ces ressources permettent d\u2019offrir aux enseignants et aux \u00e9l\u00e8ves des contenus p\u00e9dagogiques interactifs utilisables \u00e0 distance \u00e0 l\u2019aide de diff\u00e9rents terminaux num\u00e9riques tels que les ordinateurs, les tablettes et les smartphones<\/p>\t\t\t\t\t\t\t\t<\/div>\n\t\t\t\t<\/div>\n\t\t\t\t<\/div>\n\t\t\t\t\t<\/div>\n\t\t\t\t<\/div>\n\t\t<div class=\"elementor-element elementor-element-b8ba7d9 e-flex e-con-boxed e-con e-parent\" data-id=\"b8ba7d9\" data-element_type=\"container\" data-e-type=\"container\">\n\t\t\t\t\t<div class=\"e-con-inner\">\n\t\t<div class=\"elementor-element elementor-element-9a6a8db e-con-full e-flex e-con e-child\" data-id=\"9a6a8db\" data-element_type=\"container\" data-e-type=\"container\">\n\t\t\t\t<div class=\"elementor-element elementor-element-a0e719e elementor-widget__width-initial elementor-widget elementor-widget-heading\" data-id=\"a0e719e\" data-element_type=\"widget\" data-e-type=\"widget\" data-widget_type=\"heading.default\">\n\t\t\t\t<div class=\"elementor-widget-container\">\n\t\t\t\t\t<h4 class=\"elementor-heading-title elementor-size-default\">4. Les concepteurs p\u00e9dagogiques<\/h4>\t\t\t\t<\/div>\n\t\t\t\t<\/div>\n\t\t\t\t<div class=\"elementor-element elementor-element-1ede727 elementor-widget__width-initial elementor-widget elementor-widget-text-editor\" data-id=\"1ede727\" data-element_type=\"widget\" data-e-type=\"widget\" data-widget_type=\"text-editor.default\">\n\t\t\t\t<div class=\"elementor-widget-container\">\n\t\t\t\t\t\t\t\t\t<p>Cette cat\u00e9gorie de personnel est organis\u00e9e en commissions appel\u00e9es <strong>commissions r\u00e9dactionnelles disciplinaires<\/strong>(CRC).<\/p><p>Chaque commission est compos\u00e9e d\u2019un ou de plusieurs membres sp\u00e9cialis\u00e9s dans une discipline.<\/p><p>On peut citer par exemple :<\/p><ul><li>la commission de fran\u00e7ais<\/li><li>la commission de math\u00e9matiques<\/li><li>la commission de SVT<\/li><li>la commission de physique\u2011chimie<\/li><\/ul><p>Ces commissions sont charg\u00e9es d\u2019\u00e9laborer les programmes scolaires, les manuels et les guides p\u00e9dagogiques, ainsi que diff\u00e9rents supports didactiques destin\u00e9s aux enseignants et aux \u00e9l\u00e8ves.<\/p><p>Les concepteurs p\u00e9dagogiques \u00e9laborent \u00e9galement des sc\u00e9narios p\u00e9dagogiques qui servent de base \u00e0 la conception de fichiers audiovisuels p\u00e9dagogiques et de ressources num\u00e9riques destin\u00e9es \u00e0 l\u2019apprentissage.<\/p>\t\t\t\t\t\t\t\t<\/div>\n\t\t\t\t<\/div>\n\t\t\t\t<\/div>\n\t\t<div class=\"elementor-element elementor-element-e7be8e1 e-con-full e-flex e-con e-child\" data-id=\"e7be8e1\" data-element_type=\"container\" data-e-type=\"container\">\n\t\t\t\t<div class=\"elementor-element elementor-element-57c7d85 elementor-arrows-position-inside elementor-pagination-position-outside elementor-widget elementor-widget-image-carousel\" data-id=\"57c7d85\" data-element_type=\"widget\" data-e-type=\"widget\" data-settings=\"{&quot;slides_to_show&quot;:&quot;1&quot;,&quot;navigation&quot;:&quot;both&quot;,&quot;autoplay&quot;:&quot;yes&quot;,&quot;pause_on_hover&quot;:&quot;yes&quot;,&quot;pause_on_interaction&quot;:&quot;yes&quot;,&quot;autoplay_speed&quot;:5000,&quot;infinite&quot;:&quot;yes&quot;,&quot;effect&quot;:&quot;slide&quot;,&quot;speed&quot;:500}\" data-widget_type=\"image-carousel.default\">\n\t\t\t\t<div class=\"elementor-widget-container\">\n\t\t\t\t\t\t\t<div class=\"elementor-image-carousel-wrapper swiper\" role=\"region\" aria-roledescription=\"carousel\" aria-label=\"Carrousel d\u2019images\" dir=\"ltr\">\n\t\t\t<div class=\"elementor-image-carousel swiper-wrapper\" aria-live=\"off\">\n\t\t\t\t\t\t\t\t<div class=\"swiper-slide\" role=\"group\" aria-roledescription=\"slide\" aria-label=\"1 sur 1\"><figure class=\"swiper-slide-inner\"><img decoding=\"async\" class=\"swiper-slide-image\" src=\"https:\/\/cripen.dj\/wp-content\/uploads\/2026\/03\/crcMath.jpeg\" alt=\"crcMath\" \/><\/figure><\/div>\t\t\t<\/div>\n\t\t\t\t\t<\/div>\n\t\t\t\t\t\t<\/div>\n\t\t\t\t<\/div>\n\t\t\t\t<\/div>\n\t\t\t\t\t<\/div>\n\t\t\t\t<\/div>\n\t\t\t\t<\/div>\n\t\t","protected":false},"excerpt":{"rendered":"<p>Le service de la Recherche p\u00e9dagogique, de la Diffusion, de l\u2019\u00c9valuation et du Num\u00e9rique Le service de la Recherche p\u00e9dagogique, de la Diffusion, de l\u2019\u00c9valuation et du Num\u00e9rique est compos\u00e9 de trois grands p\u00f4les : La diffusion Le d\u00e9veloppement num\u00e9rique Le conception de contenu num\u00e9rique(REL)\u00a0 Les commissions disciplinaires 1. La diffusion Le personnel de la [&hellip;]<\/p>\n","protected":false},"author":3,"featured_media":0,"parent":156,"menu_order":0,"comment_status":"closed","ping_status":"closed","template":"","meta":{"saved_in_kubio":false,"footnotes":""},"class_list":["post-1526","page","type-page","status-publish","hentry"],"kubio_ai_page_context":{"short_desc":"","purpose":"general"},"_links":{"self":[{"href":"https:\/\/cripen.dj\/index.php\/wp-json\/wp\/v2\/pages\/1526","targetHints":{"allow":["GET"]}}],"collection":[{"href":"https:\/\/cripen.dj\/index.php\/wp-json\/wp\/v2\/pages"}],"about":[{"href":"https:\/\/cripen.dj\/index.php\/wp-json\/wp\/v2\/types\/page"}],"author":[{"embeddable":true,"href":"https:\/\/cripen.dj\/index.php\/wp-json\/wp\/v2\/users\/3"}],"replies":[{"embeddable":true,"href":"https:\/\/cripen.dj\/index.php\/wp-json\/wp\/v2\/comments?post=1526"}],"version-history":[{"count":30,"href":"https:\/\/cripen.dj\/index.php\/wp-json\/wp\/v2\/pages\/1526\/revisions"}],"predecessor-version":[{"id":2737,"href":"https:\/\/cripen.dj\/index.php\/wp-json\/wp\/v2\/pages\/1526\/revisions\/2737"}],"up":[{"embeddable":true,"href":"https:\/\/cripen.dj\/index.php\/wp-json\/wp\/v2\/pages\/156"}],"wp:attachment":[{"href":"https:\/\/cripen.dj\/index.php\/wp-json\/wp\/v2\/media?parent=1526"}],"curies":[{"name":"wp","href":"https:\/\/api.w.org\/{rel}","templated":true}]}}