{"id":1539,"date":"2025-08-03T09:07:43","date_gmt":"2025-08-03T09:07:43","guid":{"rendered":"https:\/\/cripen.dj\/?page_id=1539"},"modified":"2026-02-25T07:08:53","modified_gmt":"2026-02-25T07:08:53","slug":"service-pao-dao","status":"publish","type":"page","link":"https:\/\/cripen.dj\/index.php\/departement-de-la-recherche-pedagogique-et-de-ledition-drpe\/service-pao-dao\/","title":{"rendered":"Service PAO\/DAO"},"content":{"rendered":"\t\t<div data-elementor-type=\"wp-page\" data-elementor-id=\"1539\" class=\"elementor elementor-1539\" data-elementor-post-type=\"page\">\n\t\t\t\t<div class=\"elementor-element elementor-element-cd2e6ab e-flex e-con-boxed e-con e-parent\" data-id=\"cd2e6ab\" data-element_type=\"container\" data-e-type=\"container\">\n\t\t\t\t\t<div class=\"e-con-inner\">\n\t\t\t\t<div class=\"elementor-element elementor-element-f051d4e elementor-widget elementor-widget-image\" data-id=\"f051d4e\" data-element_type=\"widget\" data-e-type=\"widget\" data-widget_type=\"image.default\">\n\t\t\t\t<div class=\"elementor-widget-container\">\n\t\t\t\t\t\t\t\t\t\t\t\t\t\t\t<img fetchpriority=\"high\" decoding=\"async\" width=\"1024\" height=\"356\" src=\"https:\/\/cripen.dj\/wp-content\/uploads\/2025\/07\/pao-1024x356.jpg\" class=\"attachment-large size-large wp-image-1449\" alt=\"\" srcset=\"https:\/\/cripen.dj\/wp-content\/uploads\/2025\/07\/pao-1024x356.jpg 1024w, https:\/\/cripen.dj\/wp-content\/uploads\/2025\/07\/pao-300x104.jpg 300w, https:\/\/cripen.dj\/wp-content\/uploads\/2025\/07\/pao-768x267.jpg 768w, https:\/\/cripen.dj\/wp-content\/uploads\/2025\/07\/pao.jpg 1080w\" sizes=\"(max-width: 1024px) 100vw, 1024px\" \/>\t\t\t\t\t\t\t\t\t\t\t\t\t\t\t<\/div>\n\t\t\t\t<\/div>\n\t\t\t\t\t<\/div>\n\t\t\t\t<\/div>\n\t\t<div class=\"elementor-element elementor-element-20721bd e-flex e-con-boxed e-con e-parent\" data-id=\"20721bd\" data-element_type=\"container\" data-e-type=\"container\">\n\t\t\t\t\t<div class=\"e-con-inner\">\n\t\t<div class=\"elementor-element elementor-element-ef20288 e-con-full e-flex e-con e-child\" data-id=\"ef20288\" data-element_type=\"container\" data-e-type=\"container\">\n\t\t\t\t<div class=\"elementor-element elementor-element-c202217 elementor-widget elementor-widget-image\" data-id=\"c202217\" data-element_type=\"widget\" data-e-type=\"widget\" data-widget_type=\"image.default\">\n\t\t\t\t<div class=\"elementor-widget-container\">\n\t\t\t\t\t\t\t\t\t\t\t\t\t\t\t<img decoding=\"async\" width=\"1024\" height=\"682\" src=\"https:\/\/cripen.dj\/wp-content\/uploads\/2026\/02\/pao-1024x682.jpeg\" class=\"attachment-large size-large wp-image-2305\" alt=\"\" srcset=\"https:\/\/cripen.dj\/wp-content\/uploads\/2026\/02\/pao-1024x682.jpeg 1024w, https:\/\/cripen.dj\/wp-content\/uploads\/2026\/02\/pao-300x200.jpeg 300w, https:\/\/cripen.dj\/wp-content\/uploads\/2026\/02\/pao-768x512.jpeg 768w, https:\/\/cripen.dj\/wp-content\/uploads\/2026\/02\/pao-1536x1023.jpeg 1536w, https:\/\/cripen.dj\/wp-content\/uploads\/2026\/02\/pao.jpeg 1600w\" sizes=\"(max-width: 1024px) 100vw, 1024px\" \/>\t\t\t\t\t\t\t\t\t\t\t\t\t\t\t<\/div>\n\t\t\t\t<\/div>\n\t\t\t\t<\/div>\n\t\t<div class=\"elementor-element elementor-element-7cd17f6 e-con-full e-flex e-con e-child\" data-id=\"7cd17f6\" data-element_type=\"container\" data-e-type=\"container\">\n\t\t\t\t<div class=\"elementor-element elementor-element-fee9869 elementor-widget elementor-widget-heading\" data-id=\"fee9869\" data-element_type=\"widget\" data-e-type=\"widget\" data-widget_type=\"heading.default\">\n\t\t\t\t<div class=\"elementor-widget-container\">\n\t\t\t\t\t<h4 class=\"elementor-heading-title elementor-size-default\">Publication Assist\u00e9e par Ordinateur (PAO)<\/h4>\t\t\t\t<\/div>\n\t\t\t\t<\/div>\n\t\t\t\t<div class=\"elementor-element elementor-element-d25b2a9 elementor-widget elementor-widget-text-editor\" data-id=\"d25b2a9\" data-element_type=\"widget\" data-e-type=\"widget\" data-widget_type=\"text-editor.default\">\n\t\t\t\t<div class=\"elementor-widget-container\">\n\t\t\t\t\t\t\t\t\t<p>Publication Assist\u00e9e par Ordinateur <strong>(PAO)<\/strong>, qui joue le r\u00f4le de service de pr\u00e9presse et est actuellement, compos\u00e9e de 13 PAoistes qui ont pour mission de :<\/p><p>\u00a0 \u00a0 \u00a0 \u00a0-pr\u00e9parer les maquettes des manuels \u00e0 \u00e9diter<br \/>\u00a0 \u00a0 \u00a0 \u00a0-r\u00e9ceptionner les contenus des manuels valid\u00e9s<br \/>\u00a0 \u00a0 \u00a0 \u00a0-mettre en page le manuel sur la base d\u2019une maquette et d\u2019une organisation valid\u00e9es avec les auteurs et les directeurs p\u00e9dagogiques.<\/p><p>Cette \u00e9tape qui prend du temps est tr\u00e8s importante pour la mise en forme des contenus. une fois le bon A tirer sign\u00e9 par le directeur p\u00e9dagogique, une version d\u00e9finitive au format PDF est remise \u00e0 la Direction de l\u2019\u00c9dition pour \u00eatre envoy\u00e9e \u00e0 l\u2019Imprimerie<\/p>\t\t\t\t\t\t\t\t<\/div>\n\t\t\t\t<\/div>\n\t\t\t\t<\/div>\n\t\t<div class=\"elementor-element elementor-element-9842041 e-con-full e-flex e-con e-child\" data-id=\"9842041\" data-element_type=\"container\" data-e-type=\"container\">\n\t\t\t\t<div class=\"elementor-element elementor-element-86a1eb8 elementor-widget elementor-widget-heading\" data-id=\"86a1eb8\" data-element_type=\"widget\" data-e-type=\"widget\" data-widget_type=\"heading.default\">\n\t\t\t\t<div class=\"elementor-widget-container\">\n\t\t\t\t\t<h4 class=\"elementor-heading-title elementor-size-default\">Dessin Assist\u00e9e par Ordinateur(DAO)<\/h4>\t\t\t\t<\/div>\n\t\t\t\t<\/div>\n\t\t\t\t<div class=\"elementor-element elementor-element-09c9a72 elementor-widget elementor-widget-text-editor\" data-id=\"09c9a72\" data-element_type=\"widget\" data-e-type=\"widget\" data-widget_type=\"text-editor.default\">\n\t\t\t\t<div class=\"elementor-widget-container\">\n\t\t\t\t\t\t\t\t\t<p>la Cellule de <strong>DAO<\/strong> (Dessin Assist\u00e9 par Ordinateur) qui a pour mission d\u2019illustrer les manuels (dessins, retouche de photos, graphiques, etc.). les 4 DAoistes qui compose la cellule <br \/>sont charg\u00e9s de r\u00e9pondre aux demandes d\u2019illustrations formul\u00e9s par les auteurs, valideurs, directeurs p\u00e9dagogiques, etc.). une fois les dessins r\u00e9alis\u00e9s, ils les soumettent \u00e0 la validations des commanditaires. <br \/>C\u2019est cette version finale des illustrations qui sera transmise \u00e0 la <br \/>pAo pour insertion dans les manuels. les dAoistes s\u2019occupent <br \/>\u00e9galement de la conception des couvertures des manuels.<\/p>\t\t\t\t\t\t\t\t<\/div>\n\t\t\t\t<\/div>\n\t\t\t\t<\/div>\n\t\t<div class=\"elementor-element elementor-element-558c49e e-con-full e-flex e-con e-child\" data-id=\"558c49e\" data-element_type=\"container\" data-e-type=\"container\">\n\t\t\t\t<div class=\"elementor-element elementor-element-6fc2e57 elementor-widget elementor-widget-image\" data-id=\"6fc2e57\" data-element_type=\"widget\" data-e-type=\"widget\" data-widget_type=\"image.default\">\n\t\t\t\t<div class=\"elementor-widget-container\">\n\t\t\t\t\t\t\t\t\t\t\t\t\t\t\t<img decoding=\"async\" width=\"1024\" height=\"682\" src=\"https:\/\/cripen.dj\/wp-content\/uploads\/2026\/02\/dao-1024x682.jpeg\" class=\"attachment-large size-large wp-image-2304\" alt=\"\" srcset=\"https:\/\/cripen.dj\/wp-content\/uploads\/2026\/02\/dao-1024x682.jpeg 1024w, https:\/\/cripen.dj\/wp-content\/uploads\/2026\/02\/dao-300x200.jpeg 300w, https:\/\/cripen.dj\/wp-content\/uploads\/2026\/02\/dao-768x512.jpeg 768w, https:\/\/cripen.dj\/wp-content\/uploads\/2026\/02\/dao-1536x1023.jpeg 1536w, https:\/\/cripen.dj\/wp-content\/uploads\/2026\/02\/dao.jpeg 1600w\" sizes=\"(max-width: 1024px) 100vw, 1024px\" \/>\t\t\t\t\t\t\t\t\t\t\t\t\t\t\t<\/div>\n\t\t\t\t<\/div>\n\t\t\t\t<\/div>\n\t\t\t\t\t<\/div>\n\t\t\t\t<\/div>\n\t\t\t\t<\/div>\n\t\t","protected":false},"excerpt":{"rendered":"<p>Publication Assist\u00e9e par Ordinateur (PAO) Publication Assist\u00e9e par Ordinateur (PAO), qui joue le r\u00f4le de service de pr\u00e9presse et est actuellement, compos\u00e9e de 13 PAoistes qui ont pour mission de : \u00a0 \u00a0 \u00a0 \u00a0-pr\u00e9parer les maquettes des manuels \u00e0 \u00e9diter\u00a0 \u00a0 \u00a0 \u00a0-r\u00e9ceptionner les contenus des manuels valid\u00e9s\u00a0 \u00a0 \u00a0 \u00a0-mettre en page le [&hellip;]<\/p>\n","protected":false},"author":3,"featured_media":0,"parent":156,"menu_order":0,"comment_status":"closed","ping_status":"closed","template":"","meta":{"saved_in_kubio":false,"footnotes":""},"class_list":["post-1539","page","type-page","status-publish","hentry"],"kubio_ai_page_context":{"short_desc":"","purpose":"general"},"_links":{"self":[{"href":"https:\/\/cripen.dj\/index.php\/wp-json\/wp\/v2\/pages\/1539","targetHints":{"allow":["GET"]}}],"collection":[{"href":"https:\/\/cripen.dj\/index.php\/wp-json\/wp\/v2\/pages"}],"about":[{"href":"https:\/\/cripen.dj\/index.php\/wp-json\/wp\/v2\/types\/page"}],"author":[{"embeddable":true,"href":"https:\/\/cripen.dj\/index.php\/wp-json\/wp\/v2\/users\/3"}],"replies":[{"embeddable":true,"href":"https:\/\/cripen.dj\/index.php\/wp-json\/wp\/v2\/comments?post=1539"}],"version-history":[{"count":48,"href":"https:\/\/cripen.dj\/index.php\/wp-json\/wp\/v2\/pages\/1539\/revisions"}],"predecessor-version":[{"id":2345,"href":"https:\/\/cripen.dj\/index.php\/wp-json\/wp\/v2\/pages\/1539\/revisions\/2345"}],"up":[{"embeddable":true,"href":"https:\/\/cripen.dj\/index.php\/wp-json\/wp\/v2\/pages\/156"}],"wp:attachment":[{"href":"https:\/\/cripen.dj\/index.php\/wp-json\/wp\/v2\/media?parent=1539"}],"curies":[{"name":"wp","href":"https:\/\/api.w.org\/{rel}","templated":true}]}}