{"id":1559,"date":"2025-08-05T06:54:19","date_gmt":"2025-08-05T06:54:19","guid":{"rendered":"https:\/\/cripen.dj\/?page_id=1559"},"modified":"2026-02-24T10:35:25","modified_gmt":"2026-02-24T10:35:25","slug":"le-service-de-la-recherche-documentaire-et-de-linformatique","status":"publish","type":"page","link":"https:\/\/cripen.dj\/index.php\/departement-de-la-communication\/le-service-de-la-recherche-documentaire-et-de-linformatique\/","title":{"rendered":"Le Service de la Recherche Documentaire et de l\u2019Informatique"},"content":{"rendered":"\t\t<div data-elementor-type=\"wp-page\" data-elementor-id=\"1559\" class=\"elementor elementor-1559\" data-elementor-post-type=\"page\">\n\t\t\t\t<header class=\"elementor-element elementor-element-794175fe e-con-full e-flex e-con e-parent\" data-id=\"794175fe\" data-element_type=\"container\" data-e-type=\"container\">\n\t\t\t\t<div class=\"elementor-element elementor-element-3677db0 elementor-widget elementor-widget-image\" data-id=\"3677db0\" data-element_type=\"widget\" data-e-type=\"widget\" data-widget_type=\"image.default\">\n\t\t\t\t<div class=\"elementor-widget-container\">\n\t\t\t\t\t\t\t\t\t\t\t\t\t\t\t<img fetchpriority=\"high\" decoding=\"async\" width=\"1600\" height=\"1066\" src=\"https:\/\/cripen.dj\/wp-content\/uploads\/2026\/02\/RDI.jpeg\" class=\"attachment-full size-full wp-image-2285\" alt=\"\" srcset=\"https:\/\/cripen.dj\/wp-content\/uploads\/2026\/02\/RDI.jpeg 1600w, https:\/\/cripen.dj\/wp-content\/uploads\/2026\/02\/RDI-300x200.jpeg 300w, https:\/\/cripen.dj\/wp-content\/uploads\/2026\/02\/RDI-1024x682.jpeg 1024w, https:\/\/cripen.dj\/wp-content\/uploads\/2026\/02\/RDI-768x512.jpeg 768w, https:\/\/cripen.dj\/wp-content\/uploads\/2026\/02\/RDI-1536x1023.jpeg 1536w\" sizes=\"(max-width: 1600px) 100vw, 1600px\" \/>\t\t\t\t\t\t\t\t\t\t\t\t\t\t\t<\/div>\n\t\t\t\t<\/div>\n\t\t\t\t<\/header>\n\t\t<div class=\"elementor-element elementor-element-7dc45d0 e-flex e-con-boxed e-con e-parent\" data-id=\"7dc45d0\" data-element_type=\"container\" data-e-type=\"container\">\n\t\t\t\t\t<div class=\"e-con-inner\">\n\t\t\t\t<div class=\"elementor-element elementor-element-5b3be05 elementor-widget elementor-widget-text-editor\" data-id=\"5b3be05\" data-element_type=\"widget\" data-e-type=\"widget\" data-widget_type=\"text-editor.default\">\n\t\t\t\t<div class=\"elementor-widget-container\">\n\t\t\t\t\t\t\t\t\t<p>Le service de la Recherche Documentaire et de l\u2019informatique a pour mission de participer aux activit\u00e9s de communication du d\u00e9partement notamment \u00e0 la r\u00e9daction des communiqu\u00e9s et des commentaires des reportages et aussi \u00e0 la conception des articles pour la presse dans les colonnes du journal la Nation, du journal Educ-info, un mensuel publi\u00e9 par le CRIPEN et le site du MENFOP.<\/p><p>Le service est charg\u00e9 \u00e9galement de faire la promotion des activit\u00e9s du centre \u00e0 travers tous les m\u00e9dias notamment sur le site du centre.<\/p><p>Il contribue \u00e9galement \u00e0 la conception des manuels scolaires en fournissant les photos, textes et la documentation n\u00e9cessaires. En outre le service g\u00e8re le parc informatique et sa maintenance ainsi que la fourniture de l\u2019acc\u00e8s internet \u00e0 toutes les entit\u00e9s du centre. Il est compos\u00e9 de :<\/p>\t\t\t\t\t\t\t\t<\/div>\n\t\t\t\t<\/div>\n\t\t\t\t\t<\/div>\n\t\t\t\t<\/div>\n\t\t<div class=\"elementor-element elementor-element-94157f2 e-flex e-con-boxed e-con e-parent\" data-id=\"94157f2\" data-element_type=\"container\" data-e-type=\"container\">\n\t\t\t\t\t<div class=\"e-con-inner\">\n\t\t<div class=\"elementor-element elementor-element-d906066 e-con-full e-flex e-con e-child\" data-id=\"d906066\" data-element_type=\"container\" data-e-type=\"container\">\n\t\t\t\t<div class=\"elementor-element elementor-element-1a2ae920 elementor-widget elementor-widget-image\" data-id=\"1a2ae920\" data-element_type=\"widget\" data-e-type=\"widget\" data-widget_type=\"image.default\">\n\t\t\t\t<div class=\"elementor-widget-container\">\n\t\t\t\t\t\t\t\t\t\t\t\t\t\t\t<img decoding=\"async\" width=\"1024\" height=\"682\" src=\"https:\/\/cripen.dj\/wp-content\/uploads\/2025\/07\/biblio-1024x682.jpg\" class=\"attachment-large size-large wp-image-1436\" alt=\"\" srcset=\"https:\/\/cripen.dj\/wp-content\/uploads\/2025\/07\/biblio-1024x682.jpg 1024w, https:\/\/cripen.dj\/wp-content\/uploads\/2025\/07\/biblio-300x200.jpg 300w, https:\/\/cripen.dj\/wp-content\/uploads\/2025\/07\/biblio-768x512.jpg 768w, https:\/\/cripen.dj\/wp-content\/uploads\/2025\/07\/biblio-1536x1023.jpg 1536w, https:\/\/cripen.dj\/wp-content\/uploads\/2025\/07\/biblio.jpg 1600w\" sizes=\"(max-width: 1024px) 100vw, 1024px\" \/>\t\t\t\t\t\t\t\t\t\t\t\t\t\t\t<\/div>\n\t\t\t\t<\/div>\n\t\t\t\t<\/div>\n\t\t<div class=\"elementor-element elementor-element-89f9798 e-con-full e-flex e-con e-child\" data-id=\"89f9798\" data-element_type=\"container\" data-e-type=\"container\">\n\t\t\t\t<div class=\"elementor-element elementor-element-53b9e71 elementor-widget elementor-widget-heading\" data-id=\"53b9e71\" data-element_type=\"widget\" data-e-type=\"widget\" data-widget_type=\"heading.default\">\n\t\t\t\t<div class=\"elementor-widget-container\">\n\t\t\t\t\t<h3 class=\"elementor-heading-title elementor-size-default\">1. Centre de documentation et d\u2019information (CDI)<\/h3>\t\t\t\t<\/div>\n\t\t\t\t<\/div>\n\t\t\t\t<div class=\"elementor-element elementor-element-1bedf03d elementor-widget elementor-widget-text-editor\" data-id=\"1bedf03d\" data-element_type=\"widget\" data-e-type=\"widget\" data-widget_type=\"text-editor.default\">\n\t\t\t\t<div class=\"elementor-widget-container\">\n\t\t\t\t\t\t\t\t\t<p>Le Centre de Documentation et d\u2019Information (CDI) fonctionne depuis la cr\u00e9ation du CRIPEN en 1990. Install\u00e9 dans les locaux du Cours Normal (actuels locaux du Service de l\u2019Enseignement de Base) avant de d\u00e9m\u00e9nager dans l\u2019espace actuel occup\u00e9.<\/p><p>Le CDI dispose de 6000 ouvrages pour appuyer essentiellement la conception des manuels scolaires. Il assure \u00e9galement l\u2019archivage des anciens livres, guides et programmes primaires, moyens et secondaires.<\/p><p>En outre les deux documentalistes sont charg\u00e9es de faire des d\u00e9marches pour obtenir des documents authentiques tir\u00e9s du contexte socio-\u00e9conomique et culturel aupr\u00e8s de toutes les institutions publiques, priv\u00e9es et militaires pour le besoin de contextualisation des manuels secondaires.<\/p>\t\t\t\t\t\t\t\t<\/div>\n\t\t\t\t<\/div>\n\t\t\t\t<\/div>\n\t\t\t\t\t<\/div>\n\t\t\t\t<\/div>\n\t\t<div class=\"elementor-element elementor-element-e50aa2c e-flex e-con-boxed e-con e-parent\" data-id=\"e50aa2c\" data-element_type=\"container\" data-e-type=\"container\">\n\t\t\t\t\t<div class=\"e-con-inner\">\n\t\t<div class=\"elementor-element elementor-element-7a4ae99 e-con-full e-flex e-con e-child\" data-id=\"7a4ae99\" data-element_type=\"container\" data-e-type=\"container\">\n\t\t\t\t<div class=\"elementor-element elementor-element-f3afe26 elementor-widget elementor-widget-heading\" data-id=\"f3afe26\" data-element_type=\"widget\" data-e-type=\"widget\" data-widget_type=\"heading.default\">\n\t\t\t\t<div class=\"elementor-widget-container\">\n\t\t\t\t\t<h3 class=\"elementor-heading-title elementor-size-default\">2. Cellule de l\u2019iconographie<\/h3>\t\t\t\t<\/div>\n\t\t\t\t<\/div>\n\t\t\t\t<div class=\"elementor-element elementor-element-f382977 elementor-widget elementor-widget-text-editor\" data-id=\"f382977\" data-element_type=\"widget\" data-e-type=\"widget\" data-widget_type=\"text-editor.default\">\n\t\t\t\t<div class=\"elementor-widget-container\">\n\t\t\t\t\t\t\t\t\t<p>C\u2019est la plus jeune cellule qui a \u00e9t\u00e9 cr\u00e9\u00e9e en 2006 pour fournir les photos command\u00e9es par les auteurs des manuels scolaires. Les photos sont essentiellement tir\u00e9es de l\u2019internet et les droits d\u2019auteur sont v\u00e9rifi\u00e9s. Deux photographes prennent toutes les photos relevant du contexte national. Une base des donn\u00e9es de plus de 30 000 photos s\u2019est constitu\u00e9e au fil des ans.<\/p>\t\t\t\t\t\t\t\t<\/div>\n\t\t\t\t<\/div>\n\t\t\t\t<\/div>\n\t\t<div class=\"elementor-element elementor-element-7b8a71c e-con-full e-flex e-con e-child\" data-id=\"7b8a71c\" data-element_type=\"container\" data-e-type=\"container\">\n\t\t\t\t<div class=\"elementor-element elementor-element-2021925 elementor-widget elementor-widget-image\" data-id=\"2021925\" data-element_type=\"widget\" data-e-type=\"widget\" data-widget_type=\"image.default\">\n\t\t\t\t<div class=\"elementor-widget-container\">\n\t\t\t\t\t\t\t\t\t\t\t\t\t\t\t<img decoding=\"async\" width=\"1024\" height=\"682\" src=\"https:\/\/cripen.dj\/wp-content\/uploads\/2026\/02\/icono-1024x682.jpeg\" class=\"attachment-large size-large wp-image-2287\" alt=\"\" srcset=\"https:\/\/cripen.dj\/wp-content\/uploads\/2026\/02\/icono-1024x682.jpeg 1024w, https:\/\/cripen.dj\/wp-content\/uploads\/2026\/02\/icono-300x200.jpeg 300w, https:\/\/cripen.dj\/wp-content\/uploads\/2026\/02\/icono-768x512.jpeg 768w, https:\/\/cripen.dj\/wp-content\/uploads\/2026\/02\/icono-1536x1023.jpeg 1536w, https:\/\/cripen.dj\/wp-content\/uploads\/2026\/02\/icono.jpeg 1600w\" sizes=\"(max-width: 1024px) 100vw, 1024px\" \/>\t\t\t\t\t\t\t\t\t\t\t\t\t\t\t<\/div>\n\t\t\t\t<\/div>\n\t\t\t\t<\/div>\n\t\t\t\t\t<\/div>\n\t\t\t\t<\/div>\n\t\t<div class=\"elementor-element elementor-element-5d63e7e e-flex e-con-boxed e-con e-parent\" data-id=\"5d63e7e\" data-element_type=\"container\" data-e-type=\"container\">\n\t\t\t\t\t<div class=\"e-con-inner\">\n\t\t<div class=\"elementor-element elementor-element-35f3bcb e-con-full e-flex e-con e-child\" data-id=\"35f3bcb\" data-element_type=\"container\" data-e-type=\"container\">\n\t\t\t\t<div class=\"elementor-element elementor-element-efa3df0 elementor-widget elementor-widget-image\" data-id=\"efa3df0\" data-element_type=\"widget\" data-e-type=\"widget\" data-widget_type=\"image.default\">\n\t\t\t\t<div class=\"elementor-widget-container\">\n\t\t\t\t\t\t\t\t\t\t\t\t\t\t\t<img loading=\"lazy\" decoding=\"async\" width=\"1024\" height=\"683\" src=\"https:\/\/cripen.dj\/wp-content\/uploads\/2025\/07\/placeholder-28-1024x683.png\" class=\"attachment-large size-large wp-image-1484\" alt=\"\" srcset=\"https:\/\/cripen.dj\/wp-content\/uploads\/2025\/07\/placeholder-28-1024x683.png 1024w, https:\/\/cripen.dj\/wp-content\/uploads\/2025\/07\/placeholder-28-300x200.png 300w, https:\/\/cripen.dj\/wp-content\/uploads\/2025\/07\/placeholder-28-768x512.png 768w, https:\/\/cripen.dj\/wp-content\/uploads\/2025\/07\/placeholder-28.png 1200w\" sizes=\"(max-width: 1024px) 100vw, 1024px\" \/>\t\t\t\t\t\t\t\t\t\t\t\t\t\t\t<\/div>\n\t\t\t\t<\/div>\n\t\t\t\t<\/div>\n\t\t<div class=\"elementor-element elementor-element-80cb78b e-con-full e-flex e-con e-child\" data-id=\"80cb78b\" data-element_type=\"container\" data-e-type=\"container\">\n\t\t\t\t<div class=\"elementor-element elementor-element-132032f elementor-widget elementor-widget-heading\" data-id=\"132032f\" data-element_type=\"widget\" data-e-type=\"widget\" data-widget_type=\"heading.default\">\n\t\t\t\t<div class=\"elementor-widget-container\">\n\t\t\t\t\t<h3 class=\"elementor-heading-title elementor-size-default\">3. Cellule de la Maintenance informatique<\/h3>\t\t\t\t<\/div>\n\t\t\t\t<\/div>\n\t\t\t\t<div class=\"elementor-element elementor-element-9e887e1 elementor-widget elementor-widget-text-editor\" data-id=\"9e887e1\" data-element_type=\"widget\" data-e-type=\"widget\" data-widget_type=\"text-editor.default\">\n\t\t\t\t<div class=\"elementor-widget-container\">\n\t\t\t\t\t\t\t\t\t<p>La cellule informatique et de maintenance du parc informatique assure l\u2019entretien de mat\u00e9riel informatique, la sauvegarde et la s\u00e9curisation des donn\u00e9es num\u00e9riques du centre.<\/p><p>Elle g\u00e8re aussi les r\u00e9seaux locaux et l\u2019acc\u00e8s de l\u2019internet. Une ligne sp\u00e9cialis\u00e9e de 14 Mo en remplacement d\u2019une ligne ADSL de 4 Mo est en service et op\u00e9rationnelle depuis Ao\u00fbt 2013 au CRIPEN. Ce moyen obtenu gr\u00e2ce \u00e0 l\u2019appui du Ministre de l\u2019Education Nationale et de la Formation Professionnelle a facilit\u00e9 et boost\u00e9 de fa\u00e7on significative la conception des manuels scolaires.<\/p><p>La cellule assure le bon fonctionnement et la maintenance du site du CRIPEN et s\u2019occupe \u00e9galement du d\u00e9veloppement des programmes \u00e9ducatifs pour alimenter les tablettes.<\/p>\t\t\t\t\t\t\t\t<\/div>\n\t\t\t\t<\/div>\n\t\t\t\t<\/div>\n\t\t\t\t\t<\/div>\n\t\t\t\t<\/div>\n\t\t<div class=\"elementor-element elementor-element-25563f7 e-flex e-con-boxed e-con e-parent\" data-id=\"25563f7\" data-element_type=\"container\" data-e-type=\"container\">\n\t\t\t\t\t<div class=\"e-con-inner\">\n\t\t<div class=\"elementor-element elementor-element-0ef0945 e-con-full e-flex e-con e-child\" data-id=\"0ef0945\" data-element_type=\"container\" data-e-type=\"container\">\n\t\t\t\t<div class=\"elementor-element elementor-element-0e2fc84 elementor-widget elementor-widget-heading\" data-id=\"0e2fc84\" data-element_type=\"widget\" data-e-type=\"widget\" data-widget_type=\"heading.default\">\n\t\t\t\t<div class=\"elementor-widget-container\">\n\t\t\t\t\t<h3 class=\"elementor-heading-title elementor-size-default\">4. P\u00f4le d\u2019information et de communication<\/h3>\t\t\t\t<\/div>\n\t\t\t\t<\/div>\n\t\t\t\t<div class=\"elementor-element elementor-element-fe61d5f elementor-widget elementor-widget-text-editor\" data-id=\"fe61d5f\" data-element_type=\"widget\" data-e-type=\"widget\" data-widget_type=\"text-editor.default\">\n\t\t\t\t<div class=\"elementor-widget-container\">\n\t\t\t\t\t\t\t\t\t<p>La cellule publie \u00e9galement un bulletin informationnel mensuel depuis janvier 2014. Le journal est r\u00e9dig\u00e9 par une \u00e9quipe de journalistes qui s\u2019occupent aussi des communiqu\u00e9s pour les journaux t\u00e9l\u00e9vis\u00e9s.<\/p>\t\t\t\t\t\t\t\t<\/div>\n\t\t\t\t<\/div>\n\t\t\t\t<\/div>\n\t\t<div class=\"elementor-element elementor-element-3cfdcb9 e-con-full e-flex e-con e-child\" data-id=\"3cfdcb9\" data-element_type=\"container\" data-e-type=\"container\">\n\t\t\t\t<div class=\"elementor-element elementor-element-900fa8a elementor-widget elementor-widget-image\" data-id=\"900fa8a\" data-element_type=\"widget\" data-e-type=\"widget\" data-widget_type=\"image.default\">\n\t\t\t\t<div class=\"elementor-widget-container\">\n\t\t\t\t\t\t\t\t\t\t\t\t\t\t\t<img decoding=\"async\" src=\"https:\/\/cripen.dj\/wp-content\/uploads\/2025\/08\/Place-holder-about-4.jpg\" title=\"\" alt=\"\" loading=\"lazy\" \/>\t\t\t\t\t\t\t\t\t\t\t\t\t\t\t<\/div>\n\t\t\t\t<\/div>\n\t\t\t\t<\/div>\n\t\t\t\t\t<\/div>\n\t\t\t\t<\/div>\n\t\t\t\t<\/div>\n\t\t","protected":false},"excerpt":{"rendered":"<p>Le service de la Recherche Documentaire et de l\u2019informatique a pour mission de participer aux activit\u00e9s de communication du d\u00e9partement notamment \u00e0 la r\u00e9daction des communiqu\u00e9s et des commentaires des reportages et aussi \u00e0 la conception des articles pour la presse dans les colonnes du journal la Nation, du journal Educ-info, un mensuel publi\u00e9 par [&hellip;]<\/p>\n","protected":false},"author":3,"featured_media":0,"parent":158,"menu_order":0,"comment_status":"closed","ping_status":"closed","template":"","meta":{"saved_in_kubio":false,"footnotes":""},"class_list":["post-1559","page","type-page","status-publish","hentry"],"kubio_ai_page_context":{"short_desc":"","purpose":"general"},"_links":{"self":[{"href":"https:\/\/cripen.dj\/index.php\/wp-json\/wp\/v2\/pages\/1559","targetHints":{"allow":["GET"]}}],"collection":[{"href":"https:\/\/cripen.dj\/index.php\/wp-json\/wp\/v2\/pages"}],"about":[{"href":"https:\/\/cripen.dj\/index.php\/wp-json\/wp\/v2\/types\/page"}],"author":[{"embeddable":true,"href":"https:\/\/cripen.dj\/index.php\/wp-json\/wp\/v2\/users\/3"}],"replies":[{"embeddable":true,"href":"https:\/\/cripen.dj\/index.php\/wp-json\/wp\/v2\/comments?post=1559"}],"version-history":[{"count":39,"href":"https:\/\/cripen.dj\/index.php\/wp-json\/wp\/v2\/pages\/1559\/revisions"}],"predecessor-version":[{"id":2293,"href":"https:\/\/cripen.dj\/index.php\/wp-json\/wp\/v2\/pages\/1559\/revisions\/2293"}],"up":[{"embeddable":true,"href":"https:\/\/cripen.dj\/index.php\/wp-json\/wp\/v2\/pages\/158"}],"wp:attachment":[{"href":"https:\/\/cripen.dj\/index.php\/wp-json\/wp\/v2\/media?parent=1559"}],"curies":[{"name":"wp","href":"https:\/\/api.w.org\/{rel}","templated":true}]}}