{"id":156,"date":"2025-05-07T07:49:07","date_gmt":"2025-05-07T07:49:07","guid":{"rendered":"https:\/\/cripen.dj\/?page_id=156"},"modified":"2025-10-20T08:02:59","modified_gmt":"2025-10-20T08:02:59","slug":"departement-de-la-recherche-pedagogique-et-de-ledition-drpe","status":"publish","type":"page","link":"https:\/\/cripen.dj\/index.php\/departement-de-la-recherche-pedagogique-et-de-ledition-drpe\/","title":{"rendered":"D\u00e9partement de la Recherche P\u00e9dagogique et de l\u2019\u00c9dition (DRPE)"},"content":{"rendered":"\t\t<div data-elementor-type=\"wp-page\" data-elementor-id=\"156\" class=\"elementor elementor-156\" data-elementor-post-type=\"page\">\n\t\t\t\t<div class=\"elementor-element elementor-element-8ce20b1 e-flex e-con-boxed e-con e-parent\" data-id=\"8ce20b1\" data-element_type=\"container\" data-e-type=\"container\">\n\t\t\t\t\t<div class=\"e-con-inner\">\n\t\t<div class=\"elementor-element elementor-element-9c0495d e-con-full e-flex e-con e-child\" data-id=\"9c0495d\" data-element_type=\"container\" data-e-type=\"container\">\n\t\t\t\t<div class=\"elementor-element elementor-element-3a9d007 elementor-widget elementor-widget-image\" data-id=\"3a9d007\" data-element_type=\"widget\" data-e-type=\"widget\" data-widget_type=\"image.default\">\n\t\t\t\t<div class=\"elementor-widget-container\">\n\t\t\t\t\t\t\t\t\t\t\t\t<figure class=\"wp-caption\">\n\t\t\t\t\t\t\t\t\t\t<img fetchpriority=\"high\" decoding=\"async\" width=\"1024\" height=\"910\" src=\"https:\/\/cripen.dj\/wp-content\/uploads\/2025\/07\/chehem-1024x910.jpg\" class=\"attachment-large size-large wp-image-1492\" alt=\"\" srcset=\"https:\/\/cripen.dj\/wp-content\/uploads\/2025\/07\/chehem-1024x910.jpg 1024w, https:\/\/cripen.dj\/wp-content\/uploads\/2025\/07\/chehem-300x267.jpg 300w, https:\/\/cripen.dj\/wp-content\/uploads\/2025\/07\/chehem-768x682.jpg 768w, https:\/\/cripen.dj\/wp-content\/uploads\/2025\/07\/chehem.jpg 1200w\" sizes=\"(max-width: 1024px) 100vw, 1024px\" \/>\t\t\t\t\t\t\t\t\t\t\t<figcaption class=\"widget-image-caption wp-caption-text\">M. Chehem ABDALLAH HASSAN<\/figcaption>\n\t\t\t\t\t\t\t\t\t\t<\/figure>\n\t\t\t\t\t\t\t\t\t<\/div>\n\t\t\t\t<\/div>\n\t\t\t\t<\/div>\n\t\t<div class=\"elementor-element elementor-element-a6da296 e-con-full e-flex e-con e-child\" data-id=\"a6da296\" data-element_type=\"container\" data-e-type=\"container\">\n\t\t\t\t<div class=\"elementor-element elementor-element-aef84bd elementor-widget elementor-widget-heading\" data-id=\"aef84bd\" data-element_type=\"widget\" data-e-type=\"widget\" data-widget_type=\"heading.default\">\n\t\t\t\t<div class=\"elementor-widget-container\">\n\t\t\t\t\t<h5 class=\"elementor-heading-title elementor-size-default\">Direction de la recherche p\u00e9dagogique et de l'\u00e9dition (DRPE)<\/h5>\t\t\t\t<\/div>\n\t\t\t\t<\/div>\n\t\t\t\t<div class=\"elementor-element elementor-element-bb876a5 elementor-widget elementor-widget-text-editor\" data-id=\"bb876a5\" data-element_type=\"widget\" data-e-type=\"widget\" data-widget_type=\"text-editor.default\">\n\t\t\t\t<div class=\"elementor-widget-container\">\n\t\t\t\t\t\t\t\t\t<p>Sous l\u2019autorit\u00e9 du Directrice G\u00e9n\u00e9ral du CRIPEN, le directeur charg\u00e9 du d\u00e9partement de la recherche p\u00e9dagogique et de l\u2019\u00e9dition est comp\u00e9tent en mati\u00e8re de :<\/p>\n<ul>\n<li>coordination des activit\u00e9s de recherche p\u00e9dagogique et didactique<\/li>\n<li>suivi des cahiers de charges des r\u00e9formes p\u00e9dagogiques<\/li>\n<li>suivi de la mise en application des curricula des diff\u00e9rents ordres d\u2019enseignement (\u00e9criture, exp\u00e9rimentation des programmes) par les diff\u00e9rents \u00e9tablissements scolaires en collaboration avec les services concern\u00e9s<\/li>\n<li>coordination des travaux d\u2019\u00e9dition des documents p\u00e9dagogiques et didactiques<\/li>\n<li>coordination des activit\u00e9s de ses services (\u00e9dition, cha\u00eene graphique\/ fabrication) pour assurer le respect des calendriers de production<\/li>\n<li>suivi des cahiers de charges des diff\u00e9rentes productions et signature du bon \u00e0 tirer final<\/li>\n<li>\u00e9laboration d\u2019un plan d\u2019\u00e9dition soumis au Directeur G\u00e9n\u00e9ral du CRIPEN en concertation avec les services concern\u00e9s ; zzcoordination du circuit de diffusion et de distribution des \u00e9ditions du CRIPEN<\/li>\n<li>coordination de l\u2019\u00e9valuation des manuels et des documents p\u00e9dagogiques \u00e9dit\u00e9s par le CRIPEN.<\/li>\n<\/ul>\t\t\t\t\t\t\t\t<\/div>\n\t\t\t\t<\/div>\n\t\t\t\t<\/div>\n\t\t\t\t\t<\/div>\n\t\t\t\t<\/div>\n\t\t<div class=\"elementor-element elementor-element-a2c6686 e-flex e-con-boxed e-con e-parent\" data-id=\"a2c6686\" data-element_type=\"container\" data-e-type=\"container\">\n\t\t\t\t\t<div class=\"e-con-inner\">\n\t\t\t\t<div class=\"elementor-element elementor-element-4cb99d9 elementor-widget elementor-widget-image\" data-id=\"4cb99d9\" data-element_type=\"widget\" data-e-type=\"widget\" data-widget_type=\"image.default\">\n\t\t\t\t<div class=\"elementor-widget-container\">\n\t\t\t\t\t\t\t\t\t\t\t\t<figure class=\"wp-caption\">\n\t\t\t\t\t\t\t\t\t\t<img decoding=\"async\" width=\"1024\" height=\"340\" src=\"https:\/\/cripen.dj\/wp-content\/uploads\/2025\/07\/drpe-1-1024x340.jpg\" class=\"attachment-large size-large wp-image-1466\" alt=\"\" srcset=\"https:\/\/cripen.dj\/wp-content\/uploads\/2025\/07\/drpe-1-1024x340.jpg 1024w, https:\/\/cripen.dj\/wp-content\/uploads\/2025\/07\/drpe-1-300x100.jpg 300w, https:\/\/cripen.dj\/wp-content\/uploads\/2025\/07\/drpe-1-768x255.jpg 768w, https:\/\/cripen.dj\/wp-content\/uploads\/2025\/07\/drpe-1.jpg 1080w\" sizes=\"(max-width: 1024px) 100vw, 1024px\" \/>\t\t\t\t\t\t\t\t\t\t\t<figcaption class=\"widget-image-caption wp-caption-text\">Direction de la Recherche P\u00e9dagogique et de l'\u00e9dition<\/figcaption>\n\t\t\t\t\t\t\t\t\t\t<\/figure>\n\t\t\t\t\t\t\t\t\t<\/div>\n\t\t\t\t<\/div>\n\t\t\t\t\t<\/div>\n\t\t\t\t<\/div>\n\t\t<div class=\"elementor-element elementor-element-c682122 e-flex e-con-boxed e-con e-parent\" data-id=\"c682122\" data-element_type=\"container\" data-e-type=\"container\">\n\t\t\t\t\t<div class=\"e-con-inner\">\n\t\t<div class=\"elementor-element elementor-element-3867fcd e-con-full e-flex e-con e-child\" data-id=\"3867fcd\" data-element_type=\"container\" data-e-type=\"container\">\n\t\t\t\t<div class=\"elementor-element elementor-element-0cebc74 elementor-position-left elementor-vertical-align-top elementor-widget elementor-widget-image-box\" data-id=\"0cebc74\" data-element_type=\"widget\" data-e-type=\"widget\" data-widget_type=\"image-box.default\">\n\t\t\t\t<div class=\"elementor-widget-container\">\n\t\t\t\t\t<div class=\"elementor-image-box-wrapper\"><figure class=\"elementor-image-box-img\"><a href=\"https:\/\/cripen.dj\/index.php\/departement-de-la-recherche-pedagogique-et-de-ledition-drpe\/service-pao-dao\/\" target=\"_blank\" tabindex=\"-1\"><img decoding=\"async\" width=\"1600\" height=\"1066\" src=\"https:\/\/cripen.dj\/wp-content\/uploads\/2025\/07\/farid.jpg\" class=\"elementor-animation-pulse attachment-full size-full wp-image-1443\" alt=\"\" srcset=\"https:\/\/cripen.dj\/wp-content\/uploads\/2025\/07\/farid.jpg 1600w, https:\/\/cripen.dj\/wp-content\/uploads\/2025\/07\/farid-300x200.jpg 300w, https:\/\/cripen.dj\/wp-content\/uploads\/2025\/07\/farid-1024x682.jpg 1024w, https:\/\/cripen.dj\/wp-content\/uploads\/2025\/07\/farid-768x512.jpg 768w, https:\/\/cripen.dj\/wp-content\/uploads\/2025\/07\/farid-1536x1023.jpg 1536w\" sizes=\"(max-width: 1600px) 100vw, 1600px\" \/><\/a><\/figure><div class=\"elementor-image-box-content\"><h4 class=\"elementor-image-box-title\"><a href=\"https:\/\/cripen.dj\/index.php\/departement-de-la-recherche-pedagogique-et-de-ledition-drpe\/service-pao-dao\/\" target=\"_blank\">M. Farid FOUAD<\/a><\/h4><p class=\"elementor-image-box-description\">Service de l'\u00e9dition PAO\/DAO<\/p><\/div><\/div>\t\t\t\t<\/div>\n\t\t\t\t<\/div>\n\t\t\t\t<\/div>\n\t\t<div class=\"elementor-element elementor-element-e5c11e3 e-con-full e-flex e-con e-child\" data-id=\"e5c11e3\" data-element_type=\"container\" data-e-type=\"container\">\n\t\t\t\t<div class=\"elementor-element elementor-element-b1e680d elementor-position-left elementor-vertical-align-top elementor-widget elementor-widget-image-box\" data-id=\"b1e680d\" data-element_type=\"widget\" data-e-type=\"widget\" data-widget_type=\"image-box.default\">\n\t\t\t\t<div class=\"elementor-widget-container\">\n\t\t\t\t\t<div class=\"elementor-image-box-wrapper\"><figure class=\"elementor-image-box-img\"><a href=\"https:\/\/cripen.dj\/index.php\/departement-de-la-recherche-pedagogique-et-de-ledition-drpe\/service-rpde\/\" target=\"_blank\" tabindex=\"-1\"><img loading=\"lazy\" decoding=\"async\" width=\"1600\" height=\"1066\" src=\"https:\/\/cripen.dj\/wp-content\/uploads\/2025\/07\/osman.jpg\" class=\"elementor-animation-pulse attachment-full size-full wp-image-1448\" alt=\"\" srcset=\"https:\/\/cripen.dj\/wp-content\/uploads\/2025\/07\/osman.jpg 1600w, https:\/\/cripen.dj\/wp-content\/uploads\/2025\/07\/osman-300x200.jpg 300w, https:\/\/cripen.dj\/wp-content\/uploads\/2025\/07\/osman-1024x682.jpg 1024w, https:\/\/cripen.dj\/wp-content\/uploads\/2025\/07\/osman-768x512.jpg 768w, https:\/\/cripen.dj\/wp-content\/uploads\/2025\/07\/osman-1536x1023.jpg 1536w\" sizes=\"(max-width: 1600px) 100vw, 1600px\" \/><\/a><\/figure><div class=\"elementor-image-box-content\"><h4 class=\"elementor-image-box-title\"><a href=\"https:\/\/cripen.dj\/index.php\/departement-de-la-recherche-pedagogique-et-de-ledition-drpe\/service-rpde\/\" target=\"_blank\">M. Osman GUELLEH<\/a><\/h4><p class=\"elementor-image-box-description\">Le Service de la Recherche P\u00e9dagogique, de la Diffusion, de l\u2019\u00c9valuation et de la Promotion des \u00e9ditions\n<\/p><\/div><\/div>\t\t\t\t<\/div>\n\t\t\t\t<\/div>\n\t\t\t\t<\/div>\n\t\t\t\t\t<\/div>\n\t\t\t\t<\/div>\n\t\t\t\t<\/div>\n\t\t","protected":false},"excerpt":{"rendered":"<p>M. Chehem ABDALLAH HASSAN Direction de la recherche p\u00e9dagogique et de l&rsquo;\u00e9dition (DRPE) Sous l\u2019autorit\u00e9 du Directrice G\u00e9n\u00e9ral du CRIPEN, le directeur charg\u00e9 du d\u00e9partement de la recherche p\u00e9dagogique et de l\u2019\u00e9dition est comp\u00e9tent en mati\u00e8re de : coordination des activit\u00e9s de recherche p\u00e9dagogique et didactique suivi des cahiers de charges des r\u00e9formes p\u00e9dagogiques suivi [&hellip;]<\/p>\n","protected":false},"author":3,"featured_media":0,"parent":0,"menu_order":0,"comment_status":"closed","ping_status":"closed","template":"","meta":{"saved_in_kubio":false,"footnotes":""},"class_list":["post-156","page","type-page","status-publish","hentry"],"kubio_ai_page_context":{"short_desc":"","purpose":"general"},"_links":{"self":[{"href":"https:\/\/cripen.dj\/index.php\/wp-json\/wp\/v2\/pages\/156","targetHints":{"allow":["GET"]}}],"collection":[{"href":"https:\/\/cripen.dj\/index.php\/wp-json\/wp\/v2\/pages"}],"about":[{"href":"https:\/\/cripen.dj\/index.php\/wp-json\/wp\/v2\/types\/page"}],"author":[{"embeddable":true,"href":"https:\/\/cripen.dj\/index.php\/wp-json\/wp\/v2\/users\/3"}],"replies":[{"embeddable":true,"href":"https:\/\/cripen.dj\/index.php\/wp-json\/wp\/v2\/comments?post=156"}],"version-history":[{"count":34,"href":"https:\/\/cripen.dj\/index.php\/wp-json\/wp\/v2\/pages\/156\/revisions"}],"predecessor-version":[{"id":1842,"href":"https:\/\/cripen.dj\/index.php\/wp-json\/wp\/v2\/pages\/156\/revisions\/1842"}],"wp:attachment":[{"href":"https:\/\/cripen.dj\/index.php\/wp-json\/wp\/v2\/media?parent=156"}],"curies":[{"name":"wp","href":"https:\/\/api.w.org\/{rel}","templated":true}]}}