{"id":1572,"date":"2025-08-06T06:08:44","date_gmt":"2025-08-06T06:08:44","guid":{"rendered":"https:\/\/cripen.dj\/?page_id=1572"},"modified":"2026-03-04T06:36:24","modified_gmt":"2026-03-04T06:36:24","slug":"service-de-la-radio-television-scolaire-educative","status":"publish","type":"page","link":"https:\/\/cripen.dj\/index.php\/service-de-la-radio-television-scolaire-educative\/","title":{"rendered":"Service de la Radio T\u00e9l\u00e9vision Scolaire Educative"},"content":{"rendered":"\t\t<div data-elementor-type=\"wp-page\" data-elementor-id=\"1572\" class=\"elementor elementor-1572\" data-elementor-post-type=\"page\">\n\t\t\t\t<div class=\"elementor-element elementor-element-8cd9307 e-flex e-con-boxed e-con e-parent\" data-id=\"8cd9307\" data-element_type=\"container\" data-e-type=\"container\">\n\t\t\t\t\t<div class=\"e-con-inner\">\n\t\t\t\t<div class=\"elementor-element elementor-element-be0f346 elementor-widget elementor-widget-image\" data-id=\"be0f346\" data-element_type=\"widget\" data-e-type=\"widget\" data-widget_type=\"image.default\">\n\t\t\t\t<div class=\"elementor-widget-container\">\n\t\t\t\t\t\t\t\t\t\t\t\t\t\t\t<img fetchpriority=\"high\" decoding=\"async\" width=\"1024\" height=\"682\" src=\"https:\/\/cripen.dj\/wp-content\/uploads\/2025\/07\/dc-1024x682.jpg\" class=\"attachment-large size-large wp-image-1439\" alt=\"\" srcset=\"https:\/\/cripen.dj\/wp-content\/uploads\/2025\/07\/dc-1024x682.jpg 1024w, https:\/\/cripen.dj\/wp-content\/uploads\/2025\/07\/dc-300x200.jpg 300w, https:\/\/cripen.dj\/wp-content\/uploads\/2025\/07\/dc-768x512.jpg 768w, https:\/\/cripen.dj\/wp-content\/uploads\/2025\/07\/dc-1536x1023.jpg 1536w, https:\/\/cripen.dj\/wp-content\/uploads\/2025\/07\/dc.jpg 1600w\" sizes=\"(max-width: 1024px) 100vw, 1024px\" \/>\t\t\t\t\t\t\t\t\t\t\t\t\t\t\t<\/div>\n\t\t\t\t<\/div>\n\t\t\t\t\t<\/div>\n\t\t\t\t<\/div>\n\t\t<div class=\"elementor-element elementor-element-dad6b9d e-flex e-con-boxed e-con e-parent\" data-id=\"dad6b9d\" data-element_type=\"container\" data-e-type=\"container\">\n\t\t\t\t\t<div class=\"e-con-inner\">\n\t\t\t\t<div class=\"elementor-element elementor-element-6538489 elementor-widget elementor-widget-text-editor\" data-id=\"6538489\" data-element_type=\"widget\" data-e-type=\"widget\" data-widget_type=\"text-editor.default\">\n\t\t\t\t<div class=\"elementor-widget-container\">\n\t\t\t\t\t\t\t\t\t<p>La RTSE du CRIPEN a pour mission essentielle d\u2019appuyer le syst\u00e8me \u00e9ducatif en promouvant et d\u00e9veloppant un moyen d\u2019enseignement, de formation et d\u2019information \u00e0 l\u2019intention de tous les acteurs du syst\u00e8me et de participer \u00e0 l\u2019\u00e9ducation de la communaut\u00e9 \u00e9ducative (\u00e9l\u00e8ves, enseignants, formateurs et la population en g\u00e9n\u00e9ral).<\/p><p>Elle remplit de multiples fonctions dans les domaines de la production documentation et de formation, d\u2019\u00e9tude et de recherche p\u00e9dagogique, de production et de diffusion des documents et moyens p\u00e9dagogiques et une grande revue de vulgarisation.<\/p><p>Elle a pour principaux objectifs de (d\u2019) :<\/p><ul><li>Apporter un appui aux \u00e9l\u00e8ves par l\u2019illustration d\u2019une question particuli\u00e8re d\u2019un programme scolaire ;<\/li><li>Concevoir et diffuser des s\u00e9quences d\u2019enseignement \u00e0 distance en direction des \u00e9l\u00e8ves et de la communaut\u00e9 \u00e9ducative ;<\/li><li>Informer et de former les enseignants en disponibilisant des \u00e9missions pr\u00e9par\u00e9es par des formateurs ;<\/li><li>Favoriser la promotion sociale des adultes ;<\/li><li>Ouvrir le syst\u00e8me \u00e9ducatif vers la population ;<\/li><li>Donner aux membres de la communaut\u00e9 \u00e9ducative une meilleure connaissance du syst\u00e8me \u00e9ducatif et de son environnement ;<\/li><li>Sensibiliser la population sur des probl\u00e8mes de sant\u00e9, d\u2019environnement, d\u2019\u00e9ducation, de civisme, de citoyennet\u00e9, d\u2019alphab\u00e9tisation, etc.<\/li><\/ul><h2>Les moyens humains :<\/h2><p>L\u2019\u00e9quipe de la RTSE est compos\u00e9e de 15 techniciens issus du corps enseignant. Ils ont acquis les comp\u00e9tences de techniciens polyvalents gr\u00e2ce des formations sur place et \u00e0 l\u2019\u00e9tranger.<\/p><ul><li>Stages \u00e0 l\u2019\u00e9tranger (France, S\u00e9n\u00e9gal, Maroc, etc.)<\/li><li>Formations in situ sur la maintenance des mat\u00e9riels.<\/li><\/ul><h2>La Radio Scolaire Educative (RSE)<\/h2><p>La Radio Scolaire Educative voit le jour en 1984, au sein du Minist\u00e8re de l\u2019Education Nationale \u00e0 Djibouti pour soutenir, initialement, la m\u00e9thode d\u2019apprentissage du fran\u00e7ais du CLAD en vigueur dans le primaire, \u00e0 travers la production des \u00e9missions radiophoniques portant sur le langage et les dialogues.<\/p><p>Rattach\u00e9e au CRIPEN en 1988, elle change d\u2019orientation et commence \u00e0 \u00e9mettre, sur les ondes de la RTD, des \u00e9missions scolaires et \u00e9ducatives hebdomadaires destin\u00e9es aux \u00e9l\u00e8ves, enseignants et parents d\u2019\u00e9l\u00e8ves.<\/p><p>Ne disposant pas des fr\u00e9quences particuli\u00e8res pour \u00e9mettre, elle utilise les cr\u00e9neaux de la chaine nationale pour la diffusion de ses \u00e9missions, suite \u00e0 un \u00e0 un partenariat entre le CRIPEN et la RTD. Depuis elle a pass\u00e9 de 4 \u00e9missions \u00e0 6 \u00e9missions hebdomadaires.<\/p><p>Son objectif est d\u2019informer, d\u2019\u00e9duquer, de sensibiliser et de former afin de contribuer au changement de comportements de la communaut\u00e9 \u00e9ducative.<\/p><p>Aujourd\u2019hui, compos\u00e9e de 7 animateurs, la RSE produit des \u00e9missions th\u00e9matiques riches et vari\u00e9es ax\u00e9es sur la vulgarisation des programmes p\u00e9dagogiques de l\u2019\u00e9cole de la maternelle \u00e0 la terminale mais aussi couvre toutes les activit\u00e9s scolaires et extrascolaires pour mieux informer sur l\u2019\u00e9volution de notre \u00e9cole au quotidien.<\/p><h2>La T\u00e9l\u00e9vision Scolaire Educative (TSE)<\/h2><p>Dans le but de tirer profit de l\u2019apport de l\u2019audiovisuel dans le domaine de l\u2019enseigne- ment, le Minist\u00e8re de l\u2019Education Nationale a cr\u00e9\u00e9, en mars 1996, une cellule audiovisuelle plac\u00e9e sous la tutelle du Service de l\u2019Enseignement du Premier Degr\u00e9. Cette cellule a pris en charge la diffusion de cours de soutien sur la chaine nationale. Ce programme avait pour objectif de mieux pr\u00e9parer les \u00e9l\u00e8ves de CM2 au concours d\u2019entr\u00e9e en sixi\u00e8me.<\/p><p>A partir de 2000, elle change d\u2019orientation en se focalisant en grande partie sur :<\/p><ul><li>La couverture de l\u2019actualit\u00e9 du minist\u00e8re,<\/li><li>L\u2019accompagnement de la r\u00e9forme des programmes \u00e0 travers des s\u00e9quences de classe pour venir en appui \u00e0 la formation initiale et continue des enseignants, ainsi que le cours t\u00e9l\u00e9vis\u00e9 et le soutien scolaire.<\/li><li>La r\u00e9alisation de reportages \u00e9ducatifs portant sur :<ul><li>Les manifestations sportives et culturelles<\/li><li>Les projets d\u2019\u00e9cole ou de classe,<\/li><li>La promotion de l\u2019\u00e9ducation des filles,<\/li><li>L\u2019alphab\u00e9tisation des adultes, les petits m\u00e9tiers, etc.<\/li><li>La protection de l\u2019environnement.<\/li><li>La promotion de l\u2019hygi\u00e8ne, pr\u00e9vention du tabagisme, du VIH\/ SIDA, etc. \u2013 Outre ces films \u00e0 caract\u00e8re social, elle met en image des contes en langue fran\u00e7aise et locale (afar, arabe et somali).<\/li><\/ul><\/li><li>La couverture des manifestations autour du livre<\/li><li>\u00ab D\u00e9fi lecture, petits-g\u00e9nies des biblioth\u00e8ques \u00bb aupr\u00e8s des enfants,<\/li><li>Couvertures t\u00e9l\u00e9vis\u00e9es des passages d\u2019artistes, d\u2019\u00e9crivains etc.<\/li><li>La production d\u2019un journal intitul\u00e9 \u00ab journal des enseignants \u00bb et \u00ab journal \u00e9l\u00e8ves \u00bb.<\/li><\/ul>\t\t\t\t\t\t\t\t<\/div>\n\t\t\t\t<\/div>\n\t\t\t\t\t<\/div>\n\t\t\t\t<\/div>\n\t\t\t\t<\/div>\n\t\t","protected":false},"excerpt":{"rendered":"<p>La RTSE du CRIPEN a pour mission essentielle d\u2019appuyer le syst\u00e8me \u00e9ducatif en promouvant et d\u00e9veloppant un moyen d\u2019enseignement, de formation et d\u2019information \u00e0 l\u2019intention de tous les acteurs du syst\u00e8me et de participer \u00e0 l\u2019\u00e9ducation de la communaut\u00e9 \u00e9ducative (\u00e9l\u00e8ves, enseignants, formateurs et la population en g\u00e9n\u00e9ral). Elle remplit de multiples fonctions dans les [&hellip;]<\/p>\n","protected":false},"author":3,"featured_media":0,"parent":0,"menu_order":0,"comment_status":"closed","ping_status":"closed","template":"","meta":{"saved_in_kubio":false,"footnotes":""},"class_list":["post-1572","page","type-page","status-publish","hentry"],"kubio_ai_page_context":{"short_desc":"","purpose":"general"},"_links":{"self":[{"href":"https:\/\/cripen.dj\/index.php\/wp-json\/wp\/v2\/pages\/1572","targetHints":{"allow":["GET"]}}],"collection":[{"href":"https:\/\/cripen.dj\/index.php\/wp-json\/wp\/v2\/pages"}],"about":[{"href":"https:\/\/cripen.dj\/index.php\/wp-json\/wp\/v2\/types\/page"}],"author":[{"embeddable":true,"href":"https:\/\/cripen.dj\/index.php\/wp-json\/wp\/v2\/users\/3"}],"replies":[{"embeddable":true,"href":"https:\/\/cripen.dj\/index.php\/wp-json\/wp\/v2\/comments?post=1572"}],"version-history":[{"count":3,"href":"https:\/\/cripen.dj\/index.php\/wp-json\/wp\/v2\/pages\/1572\/revisions"}],"predecessor-version":[{"id":1575,"href":"https:\/\/cripen.dj\/index.php\/wp-json\/wp\/v2\/pages\/1572\/revisions\/1575"}],"wp:attachment":[{"href":"https:\/\/cripen.dj\/index.php\/wp-json\/wp\/v2\/media?parent=1572"}],"curies":[{"name":"wp","href":"https:\/\/api.w.org\/{rel}","templated":true}]}}