{"id":158,"date":"2025-05-07T07:49:45","date_gmt":"2025-05-07T07:49:45","guid":{"rendered":"https:\/\/cripen.dj\/?page_id=158"},"modified":"2026-03-04T07:16:13","modified_gmt":"2026-03-04T07:16:13","slug":"departement-de-la-communication","status":"publish","type":"page","link":"https:\/\/cripen.dj\/index.php\/departement-de-la-communication\/","title":{"rendered":"D\u00e9partement de la Communication"},"content":{"rendered":"\t\t<div data-elementor-type=\"wp-page\" data-elementor-id=\"158\" class=\"elementor elementor-158\" data-elementor-post-type=\"page\">\n\t\t\t\t<div class=\"elementor-element elementor-element-a7ebb06 e-flex e-con-boxed e-con e-parent\" data-id=\"a7ebb06\" data-element_type=\"container\" data-e-type=\"container\">\n\t\t\t\t\t<div class=\"e-con-inner\">\n\t\t<div class=\"elementor-element elementor-element-0d15e8e e-con-full e-flex e-con e-child\" data-id=\"0d15e8e\" data-element_type=\"container\" data-e-type=\"container\">\n\t\t\t\t<div class=\"elementor-element elementor-element-4a6a7d7 elementor-widget elementor-widget-image\" data-id=\"4a6a7d7\" data-element_type=\"widget\" data-e-type=\"widget\" data-widget_type=\"image.default\">\n\t\t\t\t<div class=\"elementor-widget-container\">\n\t\t\t\t\t\t\t\t\t\t\t\t<figure class=\"wp-caption\">\n\t\t\t\t\t\t\t\t\t\t<img fetchpriority=\"high\" decoding=\"async\" width=\"1024\" height=\"682\" src=\"https:\/\/cripen.dj\/wp-content\/uploads\/2025\/07\/WhatsApp-Image-2025-07-08-at-17.01.00-3-1024x682.jpeg\" class=\"attachment-large size-large wp-image-1190\" alt=\"\" srcset=\"https:\/\/cripen.dj\/wp-content\/uploads\/2025\/07\/WhatsApp-Image-2025-07-08-at-17.01.00-3-1024x682.jpeg 1024w, https:\/\/cripen.dj\/wp-content\/uploads\/2025\/07\/WhatsApp-Image-2025-07-08-at-17.01.00-3-300x200.jpeg 300w, https:\/\/cripen.dj\/wp-content\/uploads\/2025\/07\/WhatsApp-Image-2025-07-08-at-17.01.00-3-768x511.jpeg 768w, https:\/\/cripen.dj\/wp-content\/uploads\/2025\/07\/WhatsApp-Image-2025-07-08-at-17.01.00-3.jpeg 1080w\" sizes=\"(max-width: 1024px) 100vw, 1024px\" \/>\t\t\t\t\t\t\t\t\t\t\t<figcaption class=\"widget-image-caption wp-caption-text\">M. Houssein Abdillah Meraneh <\/figcaption>\n\t\t\t\t\t\t\t\t\t\t<\/figure>\n\t\t\t\t\t\t\t\t\t<\/div>\n\t\t\t\t<\/div>\n\t\t\t\t<\/div>\n\t\t<div class=\"elementor-element elementor-element-f825e6a e-con-full e-flex e-con e-child\" data-id=\"f825e6a\" data-element_type=\"container\" data-e-type=\"container\">\n\t\t\t\t<div class=\"elementor-element elementor-element-765b0a0 elementor-widget elementor-widget-heading\" data-id=\"765b0a0\" data-element_type=\"widget\" data-e-type=\"widget\" data-widget_type=\"heading.default\">\n\t\t\t\t<div class=\"elementor-widget-container\">\n\t\t\t\t\t<h4 class=\"elementor-heading-title elementor-size-default\"> Direction de la Communication<\/h4>\t\t\t\t<\/div>\n\t\t\t\t<\/div>\n\t\t\t\t<div class=\"elementor-element elementor-element-27155e5 elementor-widget elementor-widget-text-editor\" data-id=\"27155e5\" data-element_type=\"widget\" data-e-type=\"widget\" data-widget_type=\"text-editor.default\">\n\t\t\t\t<div class=\"elementor-widget-container\">\n\t\t\t\t\t\t\t\t\t<p>Sous l\u2019autorit\u00e9 de la Directrice G\u00e9n\u00e9rale du CRIPEN, le directeur charg\u00e9 du d\u00e9partement de la communication est comp\u00e9tent en mati\u00e8re de :<\/p>\n<ul>\n<li>coordination des activit\u00e9s de communication et d\u2019information, et en particulier des activit\u00e9s de la Radio Scolaire Educative (RSE), de la T\u00e9l\u00e9vision Scolaire Educative (TSE) et du P\u00f4le d\u2019Information et de Communication (PIC)<\/li>\n<li>documentation, gestion du site Web du CRIPEN et suivi de la recherche documentaire et iconographique<\/li>\n<li>promotion des activit\u00e9s du CRIPEN<\/li>\n<li>coordination du travail informatique et de maintenance du parc informatique du CRIPEN.<\/li>\n<\/ul>\n<p>En termes d\u2019organisation, la direction de la communication est compos\u00e9e de deux services :<\/p>\n<ul>\n<li>RTSE (Radio T\u00e9l\u00e9vision Scolaires et \u00c9ducatives)<\/li>\n<li>RDI (Recherche Documentaire et de l\u2019Informatique)<\/li>\n<\/ul>\t\t\t\t\t\t\t\t<\/div>\n\t\t\t\t<\/div>\n\t\t\t\t<\/div>\n\t\t\t\t\t<\/div>\n\t\t\t\t<\/div>\n\t\t<div class=\"elementor-element elementor-element-55b8481 e-flex e-con-boxed e-con e-parent\" data-id=\"55b8481\" data-element_type=\"container\" data-e-type=\"container\">\n\t\t\t\t\t<div class=\"e-con-inner\">\n\t\t\t\t<div class=\"elementor-element elementor-element-3b09622 elementor-widget elementor-widget-image\" data-id=\"3b09622\" data-element_type=\"widget\" data-e-type=\"widget\" data-widget_type=\"image.default\">\n\t\t\t\t<div class=\"elementor-widget-container\">\n\t\t\t\t\t\t\t\t\t\t\t\t<figure class=\"wp-caption\">\n\t\t\t\t\t\t\t\t\t\t<img decoding=\"async\" width=\"1024\" height=\"682\" src=\"https:\/\/cripen.dj\/wp-content\/uploads\/2025\/07\/dc-1024x682.jpg\" class=\"attachment-large size-large wp-image-1439\" alt=\"\" srcset=\"https:\/\/cripen.dj\/wp-content\/uploads\/2025\/07\/dc-1024x682.jpg 1024w, https:\/\/cripen.dj\/wp-content\/uploads\/2025\/07\/dc-300x200.jpg 300w, https:\/\/cripen.dj\/wp-content\/uploads\/2025\/07\/dc-768x512.jpg 768w, https:\/\/cripen.dj\/wp-content\/uploads\/2025\/07\/dc-1536x1023.jpg 1536w, https:\/\/cripen.dj\/wp-content\/uploads\/2025\/07\/dc.jpg 1600w\" sizes=\"(max-width: 1024px) 100vw, 1024px\" \/>\t\t\t\t\t\t\t\t\t\t\t<figcaption class=\"widget-image-caption wp-caption-text\">D\u00e9partement de la Communication<\/figcaption>\n\t\t\t\t\t\t\t\t\t\t<\/figure>\n\t\t\t\t\t\t\t\t\t<\/div>\n\t\t\t\t<\/div>\n\t\t\t\t\t<\/div>\n\t\t\t\t<\/div>\n\t\t<div class=\"elementor-element elementor-element-930ddbc e-flex e-con-boxed e-con e-parent\" data-id=\"930ddbc\" data-element_type=\"container\" data-e-type=\"container\">\n\t\t\t\t\t<div class=\"e-con-inner\">\n\t\t<div class=\"elementor-element elementor-element-8ad56d1 e-con-full e-flex e-con e-child\" data-id=\"8ad56d1\" data-element_type=\"container\" data-e-type=\"container\">\n\t\t\t\t<div class=\"elementor-element elementor-element-5d78d26 elementor-position-left elementor-vertical-align-top elementor-widget elementor-widget-image-box\" data-id=\"5d78d26\" data-element_type=\"widget\" data-e-type=\"widget\" data-widget_type=\"image-box.default\">\n\t\t\t\t<div class=\"elementor-widget-container\">\n\t\t\t\t\t<div class=\"elementor-image-box-wrapper\"><figure class=\"elementor-image-box-img\"><a href=\"https:\/\/cripen.dj\/index.php\/departement-de-la-communication\/le-service-de-la-recherche-documentaire-et-de-linformatique\/\" target=\"_blank\" tabindex=\"-1\"><img decoding=\"async\" width=\"1600\" height=\"1066\" src=\"https:\/\/cripen.dj\/wp-content\/uploads\/2025\/07\/kadra.jpg\" class=\"elementor-animation-pulse attachment-full size-full wp-image-1446\" alt=\"\" srcset=\"https:\/\/cripen.dj\/wp-content\/uploads\/2025\/07\/kadra.jpg 1600w, https:\/\/cripen.dj\/wp-content\/uploads\/2025\/07\/kadra-300x200.jpg 300w, https:\/\/cripen.dj\/wp-content\/uploads\/2025\/07\/kadra-1024x682.jpg 1024w, https:\/\/cripen.dj\/wp-content\/uploads\/2025\/07\/kadra-768x512.jpg 768w, https:\/\/cripen.dj\/wp-content\/uploads\/2025\/07\/kadra-1536x1023.jpg 1536w\" sizes=\"(max-width: 1600px) 100vw, 1600px\" \/><\/a><\/figure><div class=\"elementor-image-box-content\"><h5 class=\"elementor-image-box-title\"><a href=\"https:\/\/cripen.dj\/index.php\/departement-de-la-communication\/le-service-de-la-recherche-documentaire-et-de-linformatique\/\" target=\"_blank\">Mme Kadra <\/a><\/h5><p class=\"elementor-image-box-description\">Le Service de la Recherche Documentaire et de l\u2019Informatique<\/p><\/div><\/div>\t\t\t\t<\/div>\n\t\t\t\t<\/div>\n\t\t\t\t<\/div>\n\t\t<div class=\"elementor-element elementor-element-6bf8fae e-con-full e-flex e-con e-child\" data-id=\"6bf8fae\" data-element_type=\"container\" data-e-type=\"container\">\n\t\t\t\t<div class=\"elementor-element elementor-element-96b1223 elementor-position-left elementor-vertical-align-top elementor-widget elementor-widget-image-box\" data-id=\"96b1223\" data-element_type=\"widget\" data-e-type=\"widget\" data-widget_type=\"image-box.default\">\n\t\t\t\t<div class=\"elementor-widget-container\">\n\t\t\t\t\t<div class=\"elementor-image-box-wrapper\"><figure class=\"elementor-image-box-img\"><a href=\"https:\/\/cripen.dj\/index.php\/service-de-la-radio-television-scolaire-educative\/\" target=\"_blank\" tabindex=\"-1\"><img loading=\"lazy\" decoding=\"async\" width=\"1280\" height=\"853\" src=\"https:\/\/cripen.dj\/wp-content\/uploads\/2026\/03\/helene.jpeg\" class=\"elementor-animation-pulse attachment-full size-full wp-image-2704\" alt=\"\" srcset=\"https:\/\/cripen.dj\/wp-content\/uploads\/2026\/03\/helene.jpeg 1280w, https:\/\/cripen.dj\/wp-content\/uploads\/2026\/03\/helene-300x200.jpeg 300w, https:\/\/cripen.dj\/wp-content\/uploads\/2026\/03\/helene-1024x682.jpeg 1024w, https:\/\/cripen.dj\/wp-content\/uploads\/2026\/03\/helene-768x512.jpeg 768w\" sizes=\"(max-width: 1280px) 100vw, 1280px\" \/><\/a><\/figure><div class=\"elementor-image-box-content\"><h5 class=\"elementor-image-box-title\"><a href=\"https:\/\/cripen.dj\/index.php\/service-de-la-radio-television-scolaire-educative\/\" target=\"_blank\">Helene GALAL<\/a><\/h5><p class=\"elementor-image-box-description\">Le Service de la Radio T\u00e9l\u00e9vision Scolaire Educative (RTSE)<\/p><\/div><\/div>\t\t\t\t<\/div>\n\t\t\t\t<\/div>\n\t\t\t\t<\/div>\n\t\t\t\t\t<\/div>\n\t\t\t\t<\/div>\n\t\t\t\t<\/div>\n\t\t","protected":false},"excerpt":{"rendered":"<p>M. Houssein Abdillah Meraneh Direction de la Communication Sous l\u2019autorit\u00e9 de la Directrice G\u00e9n\u00e9rale du CRIPEN, le directeur charg\u00e9 du d\u00e9partement de la communication est comp\u00e9tent en mati\u00e8re de : coordination des activit\u00e9s de communication et d\u2019information, et en particulier des activit\u00e9s de la Radio Scolaire Educative (RSE), de la T\u00e9l\u00e9vision Scolaire Educative (TSE) et [&hellip;]<\/p>\n","protected":false},"author":3,"featured_media":0,"parent":0,"menu_order":0,"comment_status":"closed","ping_status":"closed","template":"","meta":{"saved_in_kubio":false,"footnotes":""},"class_list":["post-158","page","type-page","status-publish","hentry"],"kubio_ai_page_context":{"short_desc":"","purpose":"general"},"_links":{"self":[{"href":"https:\/\/cripen.dj\/index.php\/wp-json\/wp\/v2\/pages\/158","targetHints":{"allow":["GET"]}}],"collection":[{"href":"https:\/\/cripen.dj\/index.php\/wp-json\/wp\/v2\/pages"}],"about":[{"href":"https:\/\/cripen.dj\/index.php\/wp-json\/wp\/v2\/types\/page"}],"author":[{"embeddable":true,"href":"https:\/\/cripen.dj\/index.php\/wp-json\/wp\/v2\/users\/3"}],"replies":[{"embeddable":true,"href":"https:\/\/cripen.dj\/index.php\/wp-json\/wp\/v2\/comments?post=158"}],"version-history":[{"count":31,"href":"https:\/\/cripen.dj\/index.php\/wp-json\/wp\/v2\/pages\/158\/revisions"}],"predecessor-version":[{"id":2707,"href":"https:\/\/cripen.dj\/index.php\/wp-json\/wp\/v2\/pages\/158\/revisions\/2707"}],"wp:attachment":[{"href":"https:\/\/cripen.dj\/index.php\/wp-json\/wp\/v2\/media?parent=158"}],"curies":[{"name":"wp","href":"https:\/\/api.w.org\/{rel}","templated":true}]}}