{"id":209,"date":"2025-05-08T09:02:01","date_gmt":"2025-05-08T09:02:01","guid":{"rendered":"https:\/\/cripen.dj\/?page_id=209"},"modified":"2025-06-23T10:21:42","modified_gmt":"2025-06-23T10:21:42","slug":"missions-du-cripen","status":"publish","type":"page","link":"https:\/\/cripen.dj\/index.php\/missions-du-cripen\/","title":{"rendered":"Missions Du Cripen"},"content":{"rendered":"\t\t<div data-elementor-type=\"wp-page\" data-elementor-id=\"209\" class=\"elementor elementor-209\" data-elementor-post-type=\"page\">\n\t\t\t\t<div class=\"elementor-element elementor-element-24cf9b0 e-flex e-con-boxed e-con e-parent\" data-id=\"24cf9b0\" data-element_type=\"container\" data-e-type=\"container\">\n\t\t\t\t\t<div class=\"e-con-inner\">\n\t\t\t\t<div class=\"elementor-element elementor-element-60f77ff elementor-widget elementor-widget-text-editor\" data-id=\"60f77ff\" data-element_type=\"widget\" data-e-type=\"widget\" data-widget_type=\"text-editor.default\">\n\t\t\t\t<div class=\"elementor-widget-container\">\n\t\t\t\t\t\t\t\t\t<div><h4><strong>Missions du CRIPEN<\/strong><\/h4><\/div><ul><li>Recherche appliqu\u00e9e en p\u00e9dagogie et en didactiques.<\/li><li>\u00c9laboration des curricula, programmes et instructions.<\/li><li>Production de documents didactiques et p\u00e9dagogiques.<\/li><li>\u00c9dition de manuels scolaires.<\/li><li>Information et communication (Radio et T\u00e9l\u00e9vision scolaires \u00c9ducatives)<\/li><li>Coordination de la politique du livre du MENFOP.<\/li><\/ul>\t\t\t\t\t\t\t\t<\/div>\n\t\t\t\t<\/div>\n\t\t\t\t<div class=\"elementor-element elementor-element-d5ca393 elementor-widget elementor-widget-text-editor\" data-id=\"d5ca393\" data-element_type=\"widget\" data-e-type=\"widget\" data-widget_type=\"text-editor.default\">\n\t\t\t\t<div class=\"elementor-widget-container\">\n\t\t\t\t\t\t\t\t\t<h4><strong><b>Quelques r\u00e9alisations importantes<\/b><\/strong><\/h4><ul><li>\u00c9laboration d\u2019une nouvelle m\u00e9thode d\u2019enseignement du fran\u00e7ais et co\u00e9dition d\u2019une collection de manuels : Le Cabri et le Chacal, Jeux de piste<\/li><li>\u00c9tude pour d\u00e9finir les fili\u00e8res et les r\u00e9f\u00e9rentiels de formation pour l\u2019Enseignement Moyen Professionnel.<\/li><li>Organisation d\u2019un s\u00e9minaire r\u00e9gional sur les politiques nationales en \u00c9ducation de base et Curricula (Juin 2002).<\/li><li>S\u00e9minaire inter-Africain sur l\u2019\u00e9dition des manuels scolaires selon APC (d\u00e9cembre 2009).<\/li><li>Finalisation et diffusion des curricula du primaire et du moyen.<\/li><li>\u00c9dition et diffusion de tous les manuels scolaires (primaire et moyen) selon l\u2019APC. (2006-2012)<\/li><li>Cr\u00e9ation de nouvelles unit\u00e9s telles que la recherche iconographique et documentaire, la cartographie et la maintenance informatique,<\/li><li>Mont\u00e9e en puissance de la PAO, DAO pour produire des manuels de tr\u00e8s bonne qualit\u00e9 sur le plan technique et p\u00e9dagogique.<\/li><li>Organisation des rencontres inter-Africaines sur l\u2019exp\u00e9rience de Djibouti en mati\u00e8re de politique \u00e9ducative (Guin\u00e9e et Niger).<\/li><li>Production de documents et action de sensibilisation-formation dans le cadre de l\u2019\u00c9ducation en Mati\u00e8re de Population et d\u2019\u00e9ducation \u00e0 l\u2019environnement.<\/li><li>Coordination du projet de lutte contre le SIDA, le paludisme et la tuberculose dans le syst\u00e8me \u00e9ducatif.<\/li><li>Suivi et \u00e9valuation des manuels scolaires par une \u00e9quipe du CRIPEN (2010).<\/li><li>Base de donn\u00e9es interactive des situations d\u2019int\u00e9gration en ligne (depuis 2006).<\/li><li>Finalisation du curricula et manuels des langues nationales (3, 4, 5e ann\u00e9e).<\/li><li>Production de 64 \u00e9missions audiovisuelles sur le VIH sida et l\u2019hygi\u00e8ne en milieu scolaire.<\/li><li>Coordination du projet de lutte contre le SIDA, le paludisme et la tuberculose dans le syst\u00e8me \u00e9ducatif.<\/li><li>Conception curricula et guides \u00ab \u00c9ducation \u00e0 la culture de la paix \u00bb.<\/li><li>Mise en ligne du site web du CRIPEN\u00a0<u>cripen.dj<\/u>.<\/li><li>\u00c9dition et diffusion des manuels scolaires (secondaire) selon l\u2019APC. (2013-2015)<\/li><li>Finalisation et diffusion des curricula de l\u2019enseignement secondaire g\u00e9n\u00e9ral et technique et professionnel ; production des Documents d\u2019Accompagnement P\u00e9dagogique (DAP).<\/li><li>\u00c9dition locale de contes et de textes libres de droits.<\/li><li>\u00c9dition des annales BEF ET BAC toutes s\u00e9ries<\/li><li>\u00c9dition locale de contes et de textes libres de droits.<\/li><li>Accompagnement et vulgarisation de la r\u00e9forme curriculaire (APC) par une information multiforme (t\u00e9l\u00e9vision, radio),<\/li><li>Coordination d\u2019une politique du livre au niveau du MENFOP.<\/li><li>Impressions directes d\u2019une partie de la production par l\u2019imprimerie scolaire du CRIPEN.<\/li><li>\u00c9laboration de livrets d\u2019exercices pour le renforcement du fran\u00e7ais (base\/moyen).<\/li><li>\u00c9dition des manuels, guides et planches murales dans le cadre de l\u2019\u00e9cole bilingue d\u2019Arta.<\/li><li>Publication du Journal bimestriel \u00abEduc-Info\u00bb .<\/li><li>Production et diffusion des \u00e9missions de soutien scolaire \u00e0 l\u2019antenne de la RTD<\/li><\/ul>\t\t\t\t\t\t\t\t<\/div>\n\t\t\t\t<\/div>\n\t\t\t\t<div class=\"elementor-element elementor-element-22c40c2 elementor-widget elementor-widget-text-editor\" data-id=\"22c40c2\" data-element_type=\"widget\" data-e-type=\"widget\" data-widget_type=\"text-editor.default\">\n\t\t\t\t<div class=\"elementor-widget-container\">\n\t\t\t\t\t\t\t\t\t<h4><strong>En perspectives<\/strong><\/h4><ul><li>Production des manuels scolaires et des guides p\u00e9dagogiques num\u00e9riques.<\/li><li>\u00c9dition des oeuvres litt\u00e9raires des auteurs djiboutiens.<\/li><li>Mise en place d\u2019une chaine \u00e9ducative<\/li><\/ul>\t\t\t\t\t\t\t\t<\/div>\n\t\t\t\t<\/div>\n\t\t\t\t\t<\/div>\n\t\t\t\t<\/div>\n\t\t\t\t<\/div>\n\t\t","protected":false},"excerpt":{"rendered":"<p>Missions du CRIPEN Recherche appliqu\u00e9e en p\u00e9dagogie et en didactiques. \u00c9laboration des curricula, programmes et instructions. Production de documents didactiques et p\u00e9dagogiques. \u00c9dition de manuels scolaires. Information et communication (Radio et T\u00e9l\u00e9vision scolaires \u00c9ducatives) Coordination de la politique du livre du MENFOP. Quelques r\u00e9alisations importantes \u00c9laboration d\u2019une nouvelle m\u00e9thode d\u2019enseignement du fran\u00e7ais et co\u00e9dition d\u2019une [&hellip;]<\/p>\n","protected":false},"author":3,"featured_media":0,"parent":0,"menu_order":0,"comment_status":"closed","ping_status":"closed","template":"","meta":{"saved_in_kubio":false,"footnotes":""},"class_list":["post-209","page","type-page","status-publish","hentry"],"kubio_ai_page_context":{"short_desc":"","purpose":"general"},"_links":{"self":[{"href":"https:\/\/cripen.dj\/index.php\/wp-json\/wp\/v2\/pages\/209","targetHints":{"allow":["GET"]}}],"collection":[{"href":"https:\/\/cripen.dj\/index.php\/wp-json\/wp\/v2\/pages"}],"about":[{"href":"https:\/\/cripen.dj\/index.php\/wp-json\/wp\/v2\/types\/page"}],"author":[{"embeddable":true,"href":"https:\/\/cripen.dj\/index.php\/wp-json\/wp\/v2\/users\/3"}],"replies":[{"embeddable":true,"href":"https:\/\/cripen.dj\/index.php\/wp-json\/wp\/v2\/comments?post=209"}],"version-history":[{"count":79,"href":"https:\/\/cripen.dj\/index.php\/wp-json\/wp\/v2\/pages\/209\/revisions"}],"predecessor-version":[{"id":982,"href":"https:\/\/cripen.dj\/index.php\/wp-json\/wp\/v2\/pages\/209\/revisions\/982"}],"wp:attachment":[{"href":"https:\/\/cripen.dj\/index.php\/wp-json\/wp\/v2\/media?parent=209"}],"curies":[{"name":"wp","href":"https:\/\/api.w.org\/{rel}","templated":true}]}}